{"id":1500,"date":"2015-04-13T17:33:39","date_gmt":"2015-04-13T15:33:39","guid":{"rendered":"https:\/\/www.viphotels.it\/photogallery-hotel-residence-dei-duchi-2\/"},"modified":"2015-09-14T18:28:28","modified_gmt":"2015-09-14T16:28:28","slug":"photogallery-hotel-residence-dei-duchi","status":"publish","type":"page","link":"https:\/\/www.viphotels.it\/de\/photogallery-hotel-residence-dei-duchi\/","title":{"rendered":"Die besten Bilder"},"content":{"rendered":"<h3>Au\u00dfenansicht des Hotels<\/h3>\n\n\t\t<style type='text\/css'>\n\t\t\t#gallery-1 {\n\t\t\t\tmargin: auto;\n\t\t\t}\n\t\t\t#gallery-1 .gallery-item {\n\t\t\t\tfloat: left;\n\t\t\t\tmargin-top: 10px;\n\t\t\t\ttext-align: center;\n\t\t\t\twidth: 20%;\n\t\t\t}\n\t\t\t#gallery-1 img {\n\t\t\t\tborder: 2px solid #cfcfcf;\n\t\t\t}\n\t\t\t#gallery-1 .gallery-caption {\n\t\t\t\tmargin-left: 0;\n\t\t\t}\n\t\t\t\/* see gallery_shortcode() in wp-includes\/media.php *\/\n\t\t<\/style>\n\t\t<div id='gallery-1' class='gallery galleryid-1471 gallery-columns-5 gallery-size-thumbnail'><dl class='gallery-item'>\n\t\t\t<dt class='gallery-icon landscape'>\n\t\t\t\t<a href='https:\/\/www.viphotels.it\/wp-content\/uploads\/2015\/04\/02_facciata_notte_1024x6817055.jpg' data-rel=\"shadowbox['gallery']\"><img loading=\"lazy\" decoding=\"async\" width=\"320\" height=\"240\" src=\"https:\/\/www.viphotels.it\/wp-content\/uploads\/2015\/04\/02_facciata_notte_1024x6817055-320x240.jpg\" class=\"attachment-thumbnail size-thumbnail\" alt=\"\" srcset=\"https:\/\/www.viphotels.it\/wp-content\/uploads\/2015\/04\/02_facciata_notte_1024x6817055-320x240.jpg 320w, https:\/\/www.viphotels.it\/wp-content\/uploads\/2015\/04\/02_facciata_notte_1024x6817055-640x480.jpg 640w\" sizes=\"auto, (max-width: 320px) 100vw, 320px\" \/><\/a>\n\t\t\t<\/dt><\/dl>\n\t\t\t<br style='clear: both' \/>\n\t\t<\/div>\n\n<p>&nbsp;<\/p>\n<h3>Halle &amp; Umwelt<\/h3>\n\n\t\t<style type='text\/css'>\n\t\t\t#gallery-2 {\n\t\t\t\tmargin: auto;\n\t\t\t}\n\t\t\t#gallery-2 .gallery-item {\n\t\t\t\tfloat: left;\n\t\t\t\tmargin-top: 10px;\n\t\t\t\ttext-align: center;\n\t\t\t\twidth: 20%;\n\t\t\t}\n\t\t\t#gallery-2 img {\n\t\t\t\tborder: 2px solid #cfcfcf;\n\t\t\t}\n\t\t\t#gallery-2 .gallery-caption {\n\t\t\t\tmargin-left: 0;\n\t\t\t}\n\t\t\t\/* see gallery_shortcode() in wp-includes\/media.php *\/\n\t\t<\/style>\n\t\t<div id='gallery-2' class='gallery galleryid-1471 gallery-columns-5 gallery-size-thumbnail'><dl class='gallery-item'>\n\t\t\t<dt class='gallery-icon portrait'>\n\t\t\t\t<a href='https:\/\/www.viphotels.it\/wp-content\/uploads\/2015\/04\/08_ricevimento_portiere_511x76870551.jpg' data-rel=\"shadowbox['gallery']\"><img loading=\"lazy\" decoding=\"async\" width=\"320\" height=\"240\" src=\"https:\/\/www.viphotels.it\/wp-content\/uploads\/2015\/04\/08_ricevimento_portiere_511x76870551-320x240.jpg\" class=\"attachment-thumbnail size-thumbnail\" alt=\"\" \/><\/a>\n\t\t\t<\/dt><\/dl><dl class='gallery-item'>\n\t\t\t<dt class='gallery-icon landscape'>\n\t\t\t\t<a href='https:\/\/www.viphotels.it\/wp-content\/uploads\/2015\/04\/06_Hall_1024x68170551.jpg' data-rel=\"shadowbox['gallery']\"><img loading=\"lazy\" decoding=\"async\" width=\"320\" height=\"240\" src=\"https:\/\/www.viphotels.it\/wp-content\/uploads\/2015\/04\/06_Hall_1024x68170551-320x240.jpg\" class=\"attachment-thumbnail size-thumbnail\" alt=\"\" srcset=\"https:\/\/www.viphotels.it\/wp-content\/uploads\/2015\/04\/06_Hall_1024x68170551-320x240.jpg 320w, https:\/\/www.viphotels.it\/wp-content\/uploads\/2015\/04\/06_Hall_1024x68170551-640x480.jpg 640w\" sizes=\"auto, (max-width: 320px) 100vw, 320px\" \/><\/a>\n\t\t\t<\/dt><\/dl><dl class='gallery-item'>\n\t\t\t<dt class='gallery-icon landscape'>\n\t\t\t\t<a href='https:\/\/www.viphotels.it\/wp-content\/uploads\/2015\/04\/Bar_01_1024x68170551.jpg' data-rel=\"shadowbox['gallery']\"><img loading=\"lazy\" decoding=\"async\" width=\"320\" height=\"240\" src=\"https:\/\/www.viphotels.it\/wp-content\/uploads\/2015\/04\/Bar_01_1024x68170551-320x240.jpg\" class=\"attachment-thumbnail size-thumbnail\" alt=\"\" srcset=\"https:\/\/www.viphotels.it\/wp-content\/uploads\/2015\/04\/Bar_01_1024x68170551-320x240.jpg 320w, https:\/\/www.viphotels.it\/wp-content\/uploads\/2015\/04\/Bar_01_1024x68170551-640x480.jpg 640w\" sizes=\"auto, (max-width: 320px) 100vw, 320px\" \/><\/a>\n\t\t\t<\/dt><\/dl><dl class='gallery-item'>\n\t\t\t<dt class='gallery-icon landscape'>\n\t\t\t\t<a href='https:\/\/www.viphotels.it\/wp-content\/uploads\/2015\/04\/bar_1024x68170551.jpg' data-rel=\"shadowbox['gallery']\"><img loading=\"lazy\" decoding=\"async\" width=\"320\" height=\"240\" src=\"https:\/\/www.viphotels.it\/wp-content\/uploads\/2015\/04\/bar_1024x68170551-320x240.jpg\" class=\"attachment-thumbnail size-thumbnail\" alt=\"\" srcset=\"https:\/\/www.viphotels.it\/wp-content\/uploads\/2015\/04\/bar_1024x68170551-320x240.jpg 320w, https:\/\/www.viphotels.it\/wp-content\/uploads\/2015\/04\/bar_1024x68170551-640x480.jpg 640w\" sizes=\"auto, (max-width: 320px) 100vw, 320px\" \/><\/a>\n\t\t\t<\/dt><\/dl>\n\t\t\t<br style='clear: both' \/>\n\t\t<\/div>\n\n<p>&nbsp;<\/p>\n<h3>Zimmer<\/h3>\n\n\t\t<style type='text\/css'>\n\t\t\t#gallery-3 {\n\t\t\t\tmargin: auto;\n\t\t\t}\n\t\t\t#gallery-3 .gallery-item {\n\t\t\t\tfloat: left;\n\t\t\t\tmargin-top: 10px;\n\t\t\t\ttext-align: center;\n\t\t\t\twidth: 20%;\n\t\t\t}\n\t\t\t#gallery-3 img {\n\t\t\t\tborder: 2px solid #cfcfcf;\n\t\t\t}\n\t\t\t#gallery-3 .gallery-caption {\n\t\t\t\tmargin-left: 0;\n\t\t\t}\n\t\t\t\/* see gallery_shortcode() in wp-includes\/media.php *\/\n\t\t<\/style>\n\t\t<div id='gallery-3' class='gallery galleryid-1471 gallery-columns-5 gallery-size-thumbnail'><dl class='gallery-item'>\n\t\t\t<dt class='gallery-icon landscape'>\n\t\t\t\t<a href='https:\/\/www.viphotels.it\/wp-content\/uploads\/2015\/04\/27_Camera_02_1024x6817055.jpg' data-rel=\"shadowbox['gallery']\"><img loading=\"lazy\" decoding=\"async\" width=\"320\" height=\"240\" src=\"https:\/\/www.viphotels.it\/wp-content\/uploads\/2015\/04\/27_Camera_02_1024x6817055-320x240.jpg\" class=\"attachment-thumbnail size-thumbnail\" alt=\"\" srcset=\"https:\/\/www.viphotels.it\/wp-content\/uploads\/2015\/04\/27_Camera_02_1024x6817055-320x240.jpg 320w, https:\/\/www.viphotels.it\/wp-content\/uploads\/2015\/04\/27_Camera_02_1024x6817055-640x480.jpg 640w\" sizes=\"auto, (max-width: 320px) 100vw, 320px\" \/><\/a>\n\t\t\t<\/dt><\/dl><dl class='gallery-item'>\n\t\t\t<dt class='gallery-icon landscape'>\n\t\t\t\t<a href='https:\/\/www.viphotels.it\/wp-content\/uploads\/2015\/04\/28_Camera_15_1024x6817055.jpg' data-rel=\"shadowbox['gallery']\"><img loading=\"lazy\" decoding=\"async\" width=\"320\" height=\"240\" src=\"https:\/\/www.viphotels.it\/wp-content\/uploads\/2015\/04\/28_Camera_15_1024x6817055-320x240.jpg\" class=\"attachment-thumbnail size-thumbnail\" alt=\"\" srcset=\"https:\/\/www.viphotels.it\/wp-content\/uploads\/2015\/04\/28_Camera_15_1024x6817055-320x240.jpg 320w, https:\/\/www.viphotels.it\/wp-content\/uploads\/2015\/04\/28_Camera_15_1024x6817055-640x480.jpg 640w\" sizes=\"auto, (max-width: 320px) 100vw, 320px\" \/><\/a>\n\t\t\t<\/dt><\/dl><dl class='gallery-item'>\n\t\t\t<dt class='gallery-icon landscape'>\n\t\t\t\t<a href='https:\/\/www.viphotels.it\/wp-content\/uploads\/2015\/04\/29_Camera_06_1024x6817055.jpg' data-rel=\"shadowbox['gallery']\"><img loading=\"lazy\" decoding=\"async\" width=\"320\" height=\"240\" src=\"https:\/\/www.viphotels.it\/wp-content\/uploads\/2015\/04\/29_Camera_06_1024x6817055-320x240.jpg\" class=\"attachment-thumbnail size-thumbnail\" alt=\"\" srcset=\"https:\/\/www.viphotels.it\/wp-content\/uploads\/2015\/04\/29_Camera_06_1024x6817055-320x240.jpg 320w, https:\/\/www.viphotels.it\/wp-content\/uploads\/2015\/04\/29_Camera_06_1024x6817055-640x480.jpg 640w\" sizes=\"auto, (max-width: 320px) 100vw, 320px\" \/><\/a>\n\t\t\t<\/dt><\/dl><dl class='gallery-item'>\n\t\t\t<dt class='gallery-icon portrait'>\n\t\t\t\t<a href='https:\/\/www.viphotels.it\/wp-content\/uploads\/2015\/04\/36_Camera_part_511x7687055.jpg' data-rel=\"shadowbox['gallery']\"><img loading=\"lazy\" decoding=\"async\" width=\"320\" height=\"240\" src=\"https:\/\/www.viphotels.it\/wp-content\/uploads\/2015\/04\/36_Camera_part_511x7687055-320x240.jpg\" class=\"attachment-thumbnail size-thumbnail\" alt=\"\" \/><\/a>\n\t\t\t<\/dt><\/dl>\n\t\t\t<br style='clear: both' \/>\n\t\t<\/div>\n\n<p>&nbsp;<\/p>\n<h3>Sitzungsr\u00e4ume<\/h3>\n\n\t\t<style type='text\/css'>\n\t\t\t#gallery-4 {\n\t\t\t\tmargin: auto;\n\t\t\t}\n\t\t\t#gallery-4 .gallery-item {\n\t\t\t\tfloat: left;\n\t\t\t\tmargin-top: 10px;\n\t\t\t\ttext-align: center;\n\t\t\t\twidth: 20%;\n\t\t\t}\n\t\t\t#gallery-4 img {\n\t\t\t\tborder: 2px solid #cfcfcf;\n\t\t\t}\n\t\t\t#gallery-4 .gallery-caption {\n\t\t\t\tmargin-left: 0;\n\t\t\t}\n\t\t\t\/* see gallery_shortcode() in wp-includes\/media.php *\/\n\t\t<\/style>\n\t\t<div id='gallery-4' class='gallery galleryid-1471 gallery-columns-5 gallery-size-thumbnail'><dl class='gallery-item'>\n\t\t\t<dt class='gallery-icon landscape'>\n\t\t\t\t<a href='https:\/\/www.viphotels.it\/wp-content\/uploads\/2015\/04\/01_sala_riunioni_1024x6817055.jpg' data-rel=\"shadowbox['gallery']\"><img loading=\"lazy\" decoding=\"async\" width=\"320\" height=\"240\" src=\"https:\/\/www.viphotels.it\/wp-content\/uploads\/2015\/04\/01_sala_riunioni_1024x6817055-320x240.jpg\" class=\"attachment-thumbnail size-thumbnail\" alt=\"\" srcset=\"https:\/\/www.viphotels.it\/wp-content\/uploads\/2015\/04\/01_sala_riunioni_1024x6817055-320x240.jpg 320w, https:\/\/www.viphotels.it\/wp-content\/uploads\/2015\/04\/01_sala_riunioni_1024x6817055-640x480.jpg 640w\" sizes=\"auto, (max-width: 320px) 100vw, 320px\" \/><\/a>\n\t\t\t<\/dt><\/dl><dl class='gallery-item'>\n\t\t\t<dt class='gallery-icon landscape'>\n\t\t\t\t<a href='https:\/\/www.viphotels.it\/wp-content\/uploads\/2015\/04\/02_sala_riunioni_1024x6817055.jpg' data-rel=\"shadowbox['gallery']\"><img loading=\"lazy\" decoding=\"async\" width=\"320\" height=\"240\" src=\"https:\/\/www.viphotels.it\/wp-content\/uploads\/2015\/04\/02_sala_riunioni_1024x6817055-320x240.jpg\" class=\"attachment-thumbnail size-thumbnail\" alt=\"\" srcset=\"https:\/\/www.viphotels.it\/wp-content\/uploads\/2015\/04\/02_sala_riunioni_1024x6817055-320x240.jpg 320w, https:\/\/www.viphotels.it\/wp-content\/uploads\/2015\/04\/02_sala_riunioni_1024x6817055-640x480.jpg 640w\" sizes=\"auto, (max-width: 320px) 100vw, 320px\" \/><\/a>\n\t\t\t<\/dt><\/dl><dl class='gallery-item'>\n\t\t\t<dt class='gallery-icon portrait'>\n\t\t\t\t<a href='https:\/\/www.viphotels.it\/wp-content\/uploads\/2015\/04\/37_Sala_congressi_15_511x7687055.jpg' data-rel=\"shadowbox['gallery']\"><img loading=\"lazy\" decoding=\"async\" width=\"320\" height=\"240\" src=\"https:\/\/www.viphotels.it\/wp-content\/uploads\/2015\/04\/37_Sala_congressi_15_511x7687055-320x240.jpg\" class=\"attachment-thumbnail size-thumbnail\" alt=\"\" \/><\/a>\n\t\t\t<\/dt><\/dl><dl class='gallery-item'>\n\t\t\t<dt class='gallery-icon landscape'>\n\t\t\t\t<a href='https:\/\/www.viphotels.it\/wp-content\/uploads\/2015\/04\/38_Sala_congressi_15_1024x6817055.jpg' data-rel=\"shadowbox['gallery']\"><img loading=\"lazy\" decoding=\"async\" width=\"320\" height=\"240\" src=\"https:\/\/www.viphotels.it\/wp-content\/uploads\/2015\/04\/38_Sala_congressi_15_1024x6817055-320x240.jpg\" class=\"attachment-thumbnail size-thumbnail\" alt=\"\" srcset=\"https:\/\/www.viphotels.it\/wp-content\/uploads\/2015\/04\/38_Sala_congressi_15_1024x6817055-320x240.jpg 320w, https:\/\/www.viphotels.it\/wp-content\/uploads\/2015\/04\/38_Sala_congressi_15_1024x6817055-640x480.jpg 640w\" sizes=\"auto, (max-width: 320px) 100vw, 320px\" \/><\/a>\n\t\t\t<\/dt><\/dl>\n\t\t\t<br style='clear: both' \/>\n\t\t<\/div>\n\n<p>&nbsp;<\/p>\n<h3>Fr\u00fchst\u00fcck&amp;Restaurant<\/h3>\n\n\t\t<style type='text\/css'>\n\t\t\t#gallery-5 {\n\t\t\t\tmargin: auto;\n\t\t\t}\n\t\t\t#gallery-5 .gallery-item {\n\t\t\t\tfloat: left;\n\t\t\t\tmargin-top: 10px;\n\t\t\t\ttext-align: center;\n\t\t\t\twidth: 20%;\n\t\t\t}\n\t\t\t#gallery-5 img {\n\t\t\t\tborder: 2px solid #cfcfcf;\n\t\t\t}\n\t\t\t#gallery-5 .gallery-caption {\n\t\t\t\tmargin-left: 0;\n\t\t\t}\n\t\t\t\/* see gallery_shortcode() in wp-includes\/media.php *\/\n\t\t<\/style>\n\t\t<div id='gallery-5' class='gallery galleryid-1471 gallery-columns-5 gallery-size-thumbnail'><dl class='gallery-item'>\n\t\t\t<dt class='gallery-icon landscape'>\n\t\t\t\t<a href='https:\/\/www.viphotels.it\/wp-content\/uploads\/2015\/04\/12_Colazione_15_1024x6817055.jpg' data-rel=\"shadowbox['gallery']\"><img loading=\"lazy\" decoding=\"async\" width=\"320\" height=\"240\" src=\"https:\/\/www.viphotels.it\/wp-content\/uploads\/2015\/04\/12_Colazione_15_1024x6817055-320x240.jpg\" class=\"attachment-thumbnail size-thumbnail\" alt=\"\" srcset=\"https:\/\/www.viphotels.it\/wp-content\/uploads\/2015\/04\/12_Colazione_15_1024x6817055-320x240.jpg 320w, https:\/\/www.viphotels.it\/wp-content\/uploads\/2015\/04\/12_Colazione_15_1024x6817055-640x480.jpg 640w\" sizes=\"auto, (max-width: 320px) 100vw, 320px\" \/><\/a>\n\t\t\t<\/dt><\/dl><dl class='gallery-item'>\n\t\t\t<dt class='gallery-icon landscape'>\n\t\t\t\t<a href='https:\/\/www.viphotels.it\/wp-content\/uploads\/2015\/04\/15_Colazioni_1024x6817055.jpg' data-rel=\"shadowbox['gallery']\"><img loading=\"lazy\" decoding=\"async\" width=\"320\" height=\"240\" src=\"https:\/\/www.viphotels.it\/wp-content\/uploads\/2015\/04\/15_Colazioni_1024x6817055-320x240.jpg\" class=\"attachment-thumbnail size-thumbnail\" alt=\"\" srcset=\"https:\/\/www.viphotels.it\/wp-content\/uploads\/2015\/04\/15_Colazioni_1024x6817055-320x240.jpg 320w, https:\/\/www.viphotels.it\/wp-content\/uploads\/2015\/04\/15_Colazioni_1024x6817055-640x480.jpg 640w\" sizes=\"auto, (max-width: 320px) 100vw, 320px\" \/><\/a>\n\t\t\t<\/dt><\/dl><dl class='gallery-item'>\n\t\t\t<dt class='gallery-icon landscape'>\n\t\t\t\t<a href='https:\/\/www.viphotels.it\/wp-content\/uploads\/2015\/04\/18_Ristorante_1024x6817055.jpg' data-rel=\"shadowbox['gallery']\"><img loading=\"lazy\" decoding=\"async\" width=\"320\" height=\"240\" src=\"https:\/\/www.viphotels.it\/wp-content\/uploads\/2015\/04\/18_Ristorante_1024x6817055-320x240.jpg\" class=\"attachment-thumbnail size-thumbnail\" alt=\"\" srcset=\"https:\/\/www.viphotels.it\/wp-content\/uploads\/2015\/04\/18_Ristorante_1024x6817055-320x240.jpg 320w, https:\/\/www.viphotels.it\/wp-content\/uploads\/2015\/04\/18_Ristorante_1024x6817055-640x480.jpg 640w\" sizes=\"auto, (max-width: 320px) 100vw, 320px\" \/><\/a>\n\t\t\t<\/dt><\/dl><dl class='gallery-item'>\n\t\t\t<dt class='gallery-icon landscape'>\n\t\t\t\t<a href='https:\/\/www.viphotels.it\/wp-content\/uploads\/2015\/04\/19_Ristorante_1024x6817055.jpg' data-rel=\"shadowbox['gallery']\"><img loading=\"lazy\" decoding=\"async\" width=\"320\" height=\"240\" src=\"https:\/\/www.viphotels.it\/wp-content\/uploads\/2015\/04\/19_Ristorante_1024x6817055-320x240.jpg\" class=\"attachment-thumbnail size-thumbnail\" alt=\"\" srcset=\"https:\/\/www.viphotels.it\/wp-content\/uploads\/2015\/04\/19_Ristorante_1024x6817055-320x240.jpg 320w, https:\/\/www.viphotels.it\/wp-content\/uploads\/2015\/04\/19_Ristorante_1024x6817055-640x480.jpg 640w\" sizes=\"auto, (max-width: 320px) 100vw, 320px\" \/><\/a>\n\t\t\t<\/dt><\/dl><dl class='gallery-item'>\n\t\t\t<dt class='gallery-icon landscape'>\n\t\t\t\t<a href='https:\/\/www.viphotels.it\/wp-content\/uploads\/2015\/04\/21_Ristorante_notturno_15_1024x6817055.jpg' data-rel=\"shadowbox['gallery']\"><img loading=\"lazy\" decoding=\"async\" width=\"320\" height=\"240\" src=\"https:\/\/www.viphotels.it\/wp-content\/uploads\/2015\/04\/21_Ristorante_notturno_15_1024x6817055-320x240.jpg\" class=\"attachment-thumbnail size-thumbnail\" alt=\"\" srcset=\"https:\/\/www.viphotels.it\/wp-content\/uploads\/2015\/04\/21_Ristorante_notturno_15_1024x6817055-320x240.jpg 320w, https:\/\/www.viphotels.it\/wp-content\/uploads\/2015\/04\/21_Ristorante_notturno_15_1024x6817055-640x480.jpg 640w\" sizes=\"auto, (max-width: 320px) 100vw, 320px\" \/><\/a>\n\t\t\t<\/dt><\/dl><br style=\"clear: both\" \/><dl class='gallery-item'>\n\t\t\t<dt class='gallery-icon landscape'>\n\t\t\t\t<a href='https:\/\/www.viphotels.it\/wp-content\/uploads\/2015\/04\/25_Pizza_15_1024x6817055.jpg' data-rel=\"shadowbox['gallery']\"><img loading=\"lazy\" decoding=\"async\" width=\"320\" height=\"240\" src=\"https:\/\/www.viphotels.it\/wp-content\/uploads\/2015\/04\/25_Pizza_15_1024x6817055-320x240.jpg\" class=\"attachment-thumbnail size-thumbnail\" alt=\"\" srcset=\"https:\/\/www.viphotels.it\/wp-content\/uploads\/2015\/04\/25_Pizza_15_1024x6817055-320x240.jpg 320w, https:\/\/www.viphotels.it\/wp-content\/uploads\/2015\/04\/25_Pizza_15_1024x6817055-640x480.jpg 640w\" sizes=\"auto, (max-width: 320px) 100vw, 320px\" \/><\/a>\n\t\t\t<\/dt><\/dl>\n\t\t\t<br style='clear: both' \/>\n\t\t<\/div>\n\n<p>&nbsp;<\/p>\n<h3>Entspannung<\/h3>\n\n\t\t<style type='text\/css'>\n\t\t\t#gallery-6 {\n\t\t\t\tmargin: auto;\n\t\t\t}\n\t\t\t#gallery-6 .gallery-item {\n\t\t\t\tfloat: left;\n\t\t\t\tmargin-top: 10px;\n\t\t\t\ttext-align: center;\n\t\t\t\twidth: 20%;\n\t\t\t}\n\t\t\t#gallery-6 img {\n\t\t\t\tborder: 2px solid #cfcfcf;\n\t\t\t}\n\t\t\t#gallery-6 .gallery-caption {\n\t\t\t\tmargin-left: 0;\n\t\t\t}\n\t\t\t\/* see gallery_shortcode() in wp-includes\/media.php *\/\n\t\t<\/style>\n\t\t<div id='gallery-6' class='gallery galleryid-1471 gallery-columns-5 gallery-size-thumbnail'><dl class='gallery-item'>\n\t\t\t<dt class='gallery-icon landscape'>\n\t\t\t\t<a href='https:\/\/www.viphotels.it\/wp-content\/uploads\/2015\/04\/41_Palestra_15_1024x6817055.jpg' data-rel=\"shadowbox['gallery']\"><img loading=\"lazy\" decoding=\"async\" width=\"320\" height=\"240\" src=\"https:\/\/www.viphotels.it\/wp-content\/uploads\/2015\/04\/41_Palestra_15_1024x6817055-320x240.jpg\" class=\"attachment-thumbnail size-thumbnail\" alt=\"\" srcset=\"https:\/\/www.viphotels.it\/wp-content\/uploads\/2015\/04\/41_Palestra_15_1024x6817055-320x240.jpg 320w, https:\/\/www.viphotels.it\/wp-content\/uploads\/2015\/04\/41_Palestra_15_1024x6817055-640x480.jpg 640w\" sizes=\"auto, (max-width: 320px) 100vw, 320px\" \/><\/a>\n\t\t\t<\/dt><\/dl><dl class='gallery-item'>\n\t\t\t<dt class='gallery-icon landscape'>\n\t\t\t\t<a href='https:\/\/www.viphotels.it\/wp-content\/uploads\/2015\/04\/42_Biciclette_4_15_1024x6817055.jpg' data-rel=\"shadowbox['gallery']\"><img loading=\"lazy\" decoding=\"async\" width=\"320\" height=\"240\" src=\"https:\/\/www.viphotels.it\/wp-content\/uploads\/2015\/04\/42_Biciclette_4_15_1024x6817055-320x240.jpg\" class=\"attachment-thumbnail size-thumbnail\" alt=\"\" srcset=\"https:\/\/www.viphotels.it\/wp-content\/uploads\/2015\/04\/42_Biciclette_4_15_1024x6817055-320x240.jpg 320w, https:\/\/www.viphotels.it\/wp-content\/uploads\/2015\/04\/42_Biciclette_4_15_1024x6817055-640x480.jpg 640w\" sizes=\"auto, (max-width: 320px) 100vw, 320px\" \/><\/a>\n\t\t\t<\/dt><\/dl>\n\t\t\t<br style='clear: both' \/>\n\t\t<\/div>\n\n","protected":false},"excerpt":{"rendered":"<p>Au\u00dfenansicht des Hotels &nbsp; Halle &amp; Umwelt &nbsp; Zimmer &nbsp; Sitzungsr\u00e4ume &nbsp; Fr\u00fchst\u00fcck&amp;Restaurant &nbsp; Entspannung<\/p>\n","protected":false},"author":10,"featured_media":0,"parent":0,"menu_order":0,"comment_status":"closed","ping_status":"closed","template":"template.photogallery.php","meta":{"_acf_changed":false},"class_list":["post-1500","page","type-page","status-publish"],"acf":[],"aioseo_notices":[],"_links":{"self":[{"href":"https:\/\/www.viphotels.it\/de\/wp-json\/wp\/v2\/pages\/1500","targetHints":{"allow":["GET"]}}],"collection":[{"href":"https:\/\/www.viphotels.it\/de\/wp-json\/wp\/v2\/pages"}],"about":[{"href":"https:\/\/www.viphotels.it\/de\/wp-json\/wp\/v2\/types\/page"}],"author":[{"embeddable":true,"href":"https:\/\/www.viphotels.it\/de\/wp-json\/wp\/v2\/users\/10"}],"replies":[{"embeddable":true,"href":"https:\/\/www.viphotels.it\/de\/wp-json\/wp\/v2\/comments?post=1500"}],"version-history":[{"count":0,"href":"https:\/\/www.viphotels.it\/de\/wp-json\/wp\/v2\/pages\/1500\/revisions"}],"wp:attachment":[{"href":"https:\/\/www.viphotels.it\/de\/wp-json\/wp\/v2\/media?parent=1500"}],"curies":[{"name":"wp","href":"https:\/\/api.w.org\/{rel}","templated":true}]}}