{"id":1784,"date":"2015-03-27T10:36:42","date_gmt":"2015-03-27T09:36:42","guid":{"rendered":"https:\/\/www.viphotels.it\/cura-del-cliente-2\/"},"modified":"2015-07-17T16:58:21","modified_gmt":"2015-07-17T14:58:21","slug":"zuvorkommende-behandlung-des-kunden","status":"publish","type":"page","link":"https:\/\/www.viphotels.it\/de\/zuvorkommende-behandlung-des-kunden\/","title":{"rendered":"Zuvorkommende Behandlung des Kunden"},"content":{"rendered":"<p>Ihr Relax und Ihr Wohlbefinden stehen f\u00fcr uns an erster Stelle.<\/p>\n<h3>Ein Aufenthalt in einem Vip Hotel<br \/>\nist eine Erfahrung, die alle f\u00fcnf Sinne einbezieht<br \/>\nund einen sorgenfreien Urlaub garantiert.<\/h3>\n<p>Au\u00dfer der Zentralit\u00e4t aller unserer Einrichtungen, die sich unweit des Meeres und des Stadtzentrums befinden, verwenden wir gro\u00dfe Aufmerksamkeit auf den Empfang unserer G\u00e4ste.<br \/>\nH\u00f6flichkeit und Professionalit\u00e4t, kombiniert mit exklusiven Dienstleistungen, sind unsere Angebote f\u00fcr Ihre Ferien.<\/p>\n<p>Die Vip-Hotels verf\u00fcgen \u00fcber <strong>Panorama-Swimming-Pool mit Solarium<\/strong>, damit Sie die Sonne genie\u00dfen und die ganze K\u00fcste bewundern k\u00f6nnen.<\/p>\n<p>Ein wenig k\u00f6rperliche Aktivit\u00e4t, auch im Urlaub, hilft, die Stimmung aufrecht zu erhalten und neue Energie zu finden: daher verf\u00fcgen alle unsere Einrichtungen \u00fcber einen modernen<strong> Fitness-Bereich mit Ger\u00e4ten<\/strong>, <strong>die es Ihnen gestatten, etwas f\u00fcr Ihre Form zu tun.<\/strong><\/p>\n<p>Um Wohlbefinden auch am Tisch: <strong>Unsere Chefs bereiten jeden Tag Gerichte auf Basis von Fleisch, Fisch und frischem Gem\u00fcse zu und bieten auch die typischen Rezepte der Region an<\/strong>.<br \/>\nF\u00fcr G\u00e4ste mit Lebensmittelunvertr\u00e4glichkeiten stellen wir <em>ad hoc<\/em> Men\u00fcs zusammen. Auch f\u00fcr Kinder werden Gerichte zubereitet, die auf ihr Alter und ihre Bed\u00fcrfnisse zugeschnitten sind.<\/p>\n<p>&nbsp;<\/p>\n","protected":false},"excerpt":{"rendered":"<p>Ihr Relax und Ihr Wohlbefinden stehen f\u00fcr uns an erster Stelle. Ein Aufenthalt in einem Vip Hotel ist eine Erfahrung, die alle f\u00fcnf Sinne einbezieht und einen sorgenfreien Urlaub garantiert.&hellip;<\/p>\n","protected":false},"author":10,"featured_media":0,"parent":0,"menu_order":0,"comment_status":"closed","ping_status":"closed","template":"","meta":{"_acf_changed":false},"class_list":["post-1784","page","type-page","status-publish"],"acf":[],"aioseo_notices":[],"_links":{"self":[{"href":"https:\/\/www.viphotels.it\/de\/wp-json\/wp\/v2\/pages\/1784","targetHints":{"allow":["GET"]}}],"collection":[{"href":"https:\/\/www.viphotels.it\/de\/wp-json\/wp\/v2\/pages"}],"about":[{"href":"https:\/\/www.viphotels.it\/de\/wp-json\/wp\/v2\/types\/page"}],"author":[{"embeddable":true,"href":"https:\/\/www.viphotels.it\/de\/wp-json\/wp\/v2\/users\/10"}],"replies":[{"embeddable":true,"href":"https:\/\/www.viphotels.it\/de\/wp-json\/wp\/v2\/comments?post=1784"}],"version-history":[{"count":0,"href":"https:\/\/www.viphotels.it\/de\/wp-json\/wp\/v2\/pages\/1784\/revisions"}],"wp:attachment":[{"href":"https:\/\/www.viphotels.it\/de\/wp-json\/wp\/v2\/media?parent=1784"}],"curies":[{"name":"wp","href":"https:\/\/api.w.org\/{rel}","templated":true}]}}