{"id":1786,"date":"2015-03-27T10:43:10","date_gmt":"2015-03-27T09:43:10","guid":{"rendered":"https:\/\/www.viphotels.it\/hotel-centrali-a-pesaro-e-urbino-2\/"},"modified":"2015-07-17T16:58:21","modified_gmt":"2015-07-17T14:58:21","slug":"zentrale-hotels-in-pesaro-und-urbino","status":"publish","type":"page","link":"https:\/\/www.viphotels.it\/de\/zentrale-hotels-in-pesaro-und-urbino\/","title":{"rendered":"Zentrale Hotels in Pesaro und Urbino"},"content":{"rendered":"<p>Morgens aufwachen und nach einem reichhaltigen Fr\u00fchst\u00fcck auf der Basis von unverf\u00e4lschten Produkten und Backwaren aus eigener Produktion entscheiden, ans Meer zu gehen oder einen Spaziergang in der Altstadt zu machen: bei einem Aufenthalt in einem Vip-Hotel k\u00f6nnen Sie jederzeit w\u00e4hlen, was Sie machen m\u00f6chten, denn der Strand und die Shopping-Stra\u00dfen befinden sich in unmittelbarer N\u00e4he unserer Einrichtungen.<\/p>\n<h3>Die Vip-Hotels befinden sich in zentraler Lage,<br \/>\ndirekt am Meer und mitten in der Altstadt und gestatten es so,<br \/>\ndie Ferien in vollkommener Freiheit zu leben und auch das Auto stehen zu lassen.<\/h3>\n<p>Monumente, Fu\u00dfg\u00e4ngerzonen, Boutiquen und Strandpromenade befinden sich derart nahe an den Vip-Hotels, dass sie zwischen einem Bad im Meer und einem Sonnenbad schnell zu Fu\u00df zu erreichen sind.<\/p>\n<h2>Die Vip-Hotels in Pesaro<\/h2>\n<p>Vereinen das Prestige hochwertiger H\u00e4user mit der Bequemlichkeit ihrer Lage.<br \/>\nDas <strong>Grand Hotel Vittoria<\/strong> ist ein alter Jugendstil-Wohnsitz am Meer, direkt am Hauptplatz von Pesaro, an der Strandpromenade und umgeben von ber\u00fchmten Skulpturen.<br \/>\nDas <strong>Hotel Savoy<\/strong> befindet sich unweit des Meeres, an der Haupt-Allee der Stadt in einer privilegierten Lage.<br \/>\nDas einzigartige <strong>Alexander Museum Palace Hotel<\/strong> bietet seinen G\u00e4sten \u201ceine unvergessliche emotionale Erfahrung\u201d.<\/p>\n<h2>Die Vip-Hotels in Urbino<\/h2>\n<p>Befinden sich in strategischer Lage, mitten in der Altstadt oder unmittelbar au\u00dferhalb der Stadtmauern.<br \/>\nDas <strong>Albergo San Domenico<\/strong> liegt mitten im Zentrum, gegen\u00fcber dem Herzogspalast, leicht zu erreichen sowie mit privatem Parkplatz. Innerhalb der Stadtmauern von Urbino befindet sich das <strong>Hotel Bonconte<\/strong>, das es gestattet, in einer atemberaubenden Landschaft Momente der totalen Entspannung zu erleben.<br \/>\nAuch das <strong>Hotel&amp;Residence Dei Duchi<\/strong> befindet sich in privilegierter Lage, direkt au\u00dferhalb der Stadt, mit einem einzigartigen Panoramablick, der auch von Raffaello Sanzio (Raffael) und Piero Della Francesca gemalt wurde.<\/p>\n","protected":false},"excerpt":{"rendered":"<p>Morgens aufwachen und nach einem reichhaltigen Fr\u00fchst\u00fcck auf der Basis von unverf\u00e4lschten Produkten und Backwaren aus eigener Produktion entscheiden, ans Meer zu gehen oder einen Spaziergang in der Altstadt zu&hellip;<\/p>\n","protected":false},"author":10,"featured_media":0,"parent":0,"menu_order":0,"comment_status":"closed","ping_status":"closed","template":"","meta":{"_acf_changed":false},"class_list":["post-1786","page","type-page","status-publish"],"acf":[],"aioseo_notices":[],"_links":{"self":[{"href":"https:\/\/www.viphotels.it\/de\/wp-json\/wp\/v2\/pages\/1786","targetHints":{"allow":["GET"]}}],"collection":[{"href":"https:\/\/www.viphotels.it\/de\/wp-json\/wp\/v2\/pages"}],"about":[{"href":"https:\/\/www.viphotels.it\/de\/wp-json\/wp\/v2\/types\/page"}],"author":[{"embeddable":true,"href":"https:\/\/www.viphotels.it\/de\/wp-json\/wp\/v2\/users\/10"}],"replies":[{"embeddable":true,"href":"https:\/\/www.viphotels.it\/de\/wp-json\/wp\/v2\/comments?post=1786"}],"version-history":[{"count":0,"href":"https:\/\/www.viphotels.it\/de\/wp-json\/wp\/v2\/pages\/1786\/revisions"}],"wp:attachment":[{"href":"https:\/\/www.viphotels.it\/de\/wp-json\/wp\/v2\/media?parent=1786"}],"curies":[{"name":"wp","href":"https:\/\/api.w.org\/{rel}","templated":true}]}}