{"id":1788,"date":"2015-03-27T11:21:46","date_gmt":"2015-03-27T10:21:46","guid":{"rendered":"https:\/\/www.viphotels.it\/servizi-di-alto-livello-2\/"},"modified":"2015-07-17T16:58:19","modified_gmt":"2015-07-17T14:58:19","slug":"dienstleistungen-auf-hochstem-niveau","status":"publish","type":"page","link":"https:\/\/www.viphotels.it\/de\/dienstleistungen-auf-hochstem-niveau\/","title":{"rendered":"Dienstleistungen auf h\u00f6chstem Niveau"},"content":{"rendered":"<h3>Das Vergn\u00fcgen eines Urlaubs beginnt mit den Details.<br \/>\nDie Vip-Hotels bieten exklusive Dienstleistungen<br \/>\nin einem Rahmen von ausgesprochener Sch\u00f6nheit,<br \/>\ngepflegt bis ins letzte Detail.<\/h3>\n<p>Die Vip-Hotels von <strong>Pesaro <\/strong>befinden sich alle am Meer und verf\u00fcgen \u00fcber Panorama-Swimming-Pool und Solarium, um die Sonne und das Meer zu genie\u00dfen; alle unsere Einrichtungen verf\u00fcgen \u00fcber Kabinen am Meer.<\/p>\n<p><strong>Die Vip-Hotels von Urbino <\/strong>gestatten entspannte Aufenthalte im Herzen einer wundersch\u00f6nen Altstadt in raffinierten und bis ins letzte Detail gepflegten Umgebungen.<\/p>\n<p>Die eleganten gemeinsamen Bereiche der Vip-Hotels erlauben angenehme <strong>Momente der Entspannung und Erholung<\/strong>: Teesaal und Billardraum, Leseraum und American Bar, bis hin zum Spielzimmer f\u00fcr unsere kleinen G\u00e4ste; alles, was man f\u00fcr einen entspannten und heiteren Urlaub braucht.<\/p>\n<p>F\u00fcr alle, die sich w\u00e4hrend des Urlaubes in Form halten wollen, bieten die <strong>Vip-Hotels Fitness-Bereiche <\/strong>mit Ger\u00e4ten der letzten Generation, an denen Sie optimal trainieren k\u00f6nnen. Und nach dem Training gibt es nichts Besseres als einen Saunagang und anschlie\u00dfend Entspannung im Ruhebereich, oder eine Wellness-Massage.<\/p>\n<p>F\u00fcr <strong>Business-Aufenthalte<\/strong> verf\u00fcgen die Vip Hotels \u00fcber <strong>modulare Kongresss\u00e4le<\/strong> f\u00fcr Meetings und Events. Au\u00dferdem stehen auf Anfrage zus\u00e4tzliche Dienstleistungen zur Verf\u00fcgung.<\/p>\n<p><strong>Die Restaurants<\/strong> <strong>sind der ganze Stolz der Vip-Hotels:<\/strong> Aufmerksame und kreative Chefs erfinden jeden Tag neue kulinarische Vorschl\u00e4ge auf der Grundlage frischer und unverf\u00e4lschter Produkte. Besondere Aufmerksamkeit wird auf G\u00e4ste mit Lebensmittelunvertr\u00e4glichkeiten sowie Kinder verwendet, f\u00fcr die spezielle Gerichte zubereitet werden.<\/p>\n","protected":false},"excerpt":{"rendered":"<p>Das Vergn\u00fcgen eines Urlaubs beginnt mit den Details. Die Vip-Hotels bieten exklusive Dienstleistungen in einem Rahmen von ausgesprochener Sch\u00f6nheit, gepflegt bis ins letzte Detail. Die Vip-Hotels von Pesaro befinden sich&hellip;<\/p>\n","protected":false},"author":10,"featured_media":0,"parent":0,"menu_order":0,"comment_status":"closed","ping_status":"closed","template":"","meta":{"_acf_changed":false},"class_list":["post-1788","page","type-page","status-publish"],"acf":[],"aioseo_notices":[],"_links":{"self":[{"href":"https:\/\/www.viphotels.it\/de\/wp-json\/wp\/v2\/pages\/1788","targetHints":{"allow":["GET"]}}],"collection":[{"href":"https:\/\/www.viphotels.it\/de\/wp-json\/wp\/v2\/pages"}],"about":[{"href":"https:\/\/www.viphotels.it\/de\/wp-json\/wp\/v2\/types\/page"}],"author":[{"embeddable":true,"href":"https:\/\/www.viphotels.it\/de\/wp-json\/wp\/v2\/users\/10"}],"replies":[{"embeddable":true,"href":"https:\/\/www.viphotels.it\/de\/wp-json\/wp\/v2\/comments?post=1788"}],"version-history":[{"count":0,"href":"https:\/\/www.viphotels.it\/de\/wp-json\/wp\/v2\/pages\/1788\/revisions"}],"wp:attachment":[{"href":"https:\/\/www.viphotels.it\/de\/wp-json\/wp\/v2\/media?parent=1788"}],"curies":[{"name":"wp","href":"https:\/\/api.w.org\/{rel}","templated":true}]}}