{"id":1790,"date":"2015-03-27T11:26:10","date_gmt":"2015-03-27T10:26:10","guid":{"rendered":"https:\/\/www.viphotels.it\/suite-eleganti-con-ogni-comfort-2\/"},"modified":"2015-07-17T16:58:19","modified_gmt":"2015-07-17T14:58:19","slug":"elegante-suiten-mit-jedem-komfort","status":"publish","type":"page","link":"https:\/\/www.viphotels.it\/de\/elegante-suiten-mit-jedem-komfort\/","title":{"rendered":"Elegante Suiten mit jedem Komfort"},"content":{"rendered":"<p>Damit ein Urlaub wirklich in guter Erinnerung bleibt, sind auch die Zimmer wichtig: aus diesem Grund verf\u00fcgen die Zimmer der Vip-Hotels \u00fcber jeden Komfort.<\/p>\n<h3>Die eleganten und gepflegten,<br \/>\ngro\u00dfen und funktionellen Zimmer<br \/>\nvereinen einen erlesenen Stil<br \/>\nmit modernen Gewohnheiten.<\/h3>\n<p>Die komfortablen und gem\u00fctlichen Suiten verf\u00fcgen \u00fcber<strong> Whirlpool<\/strong> zur Entspannung nach einem Arbeitstag oder einem Tag am Meer.<\/p>\n<p><strong>Zimmer-Service rund um die Uhr<\/strong>, Balkon mit Meerblick, vollkommen schallged\u00e4mmte Zimmer und regulierbare Klimaanlage geh\u00f6ren zur exklusiven Ausstattung der Zimmer der Vip Hotels.<\/p>\n<p>Drei <strong>Zimmerkategorien<\/strong>, um alle Anspr\u00fcche zu erf\u00fcllen: In den Vip-Hotels k\u00f6nnen Sie w\u00e4hlen zwischen Zimmern der Kategorien<strong> Business, Executive und De Luxe<\/strong>.<\/p>\n","protected":false},"excerpt":{"rendered":"<p>Damit ein Urlaub wirklich in guter Erinnerung bleibt, sind auch die Zimmer wichtig: aus diesem Grund verf\u00fcgen die Zimmer der Vip-Hotels \u00fcber jeden Komfort. Die eleganten und gepflegten, gro\u00dfen und&hellip;<\/p>\n","protected":false},"author":10,"featured_media":0,"parent":0,"menu_order":0,"comment_status":"closed","ping_status":"closed","template":"","meta":{"_acf_changed":false},"class_list":["post-1790","page","type-page","status-publish"],"acf":[],"aioseo_notices":[],"_links":{"self":[{"href":"https:\/\/www.viphotels.it\/de\/wp-json\/wp\/v2\/pages\/1790","targetHints":{"allow":["GET"]}}],"collection":[{"href":"https:\/\/www.viphotels.it\/de\/wp-json\/wp\/v2\/pages"}],"about":[{"href":"https:\/\/www.viphotels.it\/de\/wp-json\/wp\/v2\/types\/page"}],"author":[{"embeddable":true,"href":"https:\/\/www.viphotels.it\/de\/wp-json\/wp\/v2\/users\/10"}],"replies":[{"embeddable":true,"href":"https:\/\/www.viphotels.it\/de\/wp-json\/wp\/v2\/comments?post=1790"}],"version-history":[{"count":0,"href":"https:\/\/www.viphotels.it\/de\/wp-json\/wp\/v2\/pages\/1790\/revisions"}],"wp:attachment":[{"href":"https:\/\/www.viphotels.it\/de\/wp-json\/wp\/v2\/media?parent=1790"}],"curies":[{"name":"wp","href":"https:\/\/api.w.org\/{rel}","templated":true}]}}