{"id":1792,"date":"2015-03-30T18:40:17","date_gmt":"2015-03-30T16:40:17","guid":{"rendered":"https:\/\/www.viphotels.it\/cucina-curata-e-raffinata-2\/"},"modified":"2015-07-17T16:58:19","modified_gmt":"2015-07-17T14:58:19","slug":"gepflegte-und-raffinierte-kuche","status":"publish","type":"page","link":"https:\/\/www.viphotels.it\/de\/gepflegte-und-raffinierte-kuche\/","title":{"rendered":"Gepflegte und raffinierte K\u00fcche"},"content":{"rendered":"<h3>F\u00fcr einen gelungenen Urlaub ist auch die K\u00fcche wichtig und daher<br \/>\nbieten die Vip-Hotels ein vielf\u00e4ltiges und hochwertiges Angebot,<br \/>\ndas auch den anspruchsvollsten Gaumen zufriedenstellt.<\/h3>\n<p>Bei einem Aufenthalt im <strong>Grand Hotel Vittoria<\/strong> k\u00f6nnen Sie im mehrfach ausgezeichneten<strong> Ristorante Agor\u00e0 Rossini<\/strong> speisen, mit Terrasse am Meer sowie dem Reiz der Originaleinrichtung.<br \/>\nIm <strong>Hotel Savoy<\/strong> bietet das zentrale <strong>Ristorante Ariston Blue Dream<\/strong> mit seiner zauberhaften Terrasse an der bevorzugten Promenade von Pesaro eine K\u00fcche auf der Grundlage von ausgew\u00e4hlten Zutaten sowie Gerichte mit AIC-Zertifikation der G\u00e4ste mit Lebensmittelunvertr\u00e4glichkeiten. Im <strong>Hotel Alexander Museum Palace<\/strong> gibt es die Spezialit\u00e4ten der Marken sowie italienische Gerichte, auf der <strong>Terrasse <\/strong>oder im<strong> Roof Garden<\/strong> mit seinem atemberaubenden Panorama.<\/p>\n<p>Das <strong>Albergo San Domenico<\/strong> ist mit seinem Kreuzgang die ideale Location, um die Spezialit\u00e4ten des Konvents sowie alte Rezepte zu kosten. Der sch\u00f6ne Garten des <strong>Hotels Bonconte<\/strong> erlaubt es, den Tag auf die bestm\u00f6gliche Weise zu beginnen, mit einem Fr\u00fchst\u00fcck im Freien mitten in der Altstadt.<br \/>\nF\u00fcr Mittag- und Abendessen steht das <strong>Restaurant \u201cLa Lanterna Verde\u201d<\/strong> zur Verf\u00fcgung. Und f\u00fcr Pizza-Liebhaber gibt es das <strong>Restaurant\/Pizzeria<\/strong> mit Holzofen \u201cDuca Federico\u201d im Hotel &amp; Residence Dei Duchi.<\/p>\n<p>Die <strong>eleganten Ambiente der Vip-Hotels<\/strong> bilden den idealen Rahmen f\u00fcr spezielle Events wie Gala-Abende, Hochzeiten oder wichtige Meetings.<\/p>\n","protected":false},"excerpt":{"rendered":"<p>F\u00fcr einen gelungenen Urlaub ist auch die K\u00fcche wichtig und daher bieten die Vip-Hotels ein vielf\u00e4ltiges und hochwertiges Angebot, das auch den anspruchsvollsten Gaumen zufriedenstellt. Bei einem Aufenthalt im Grand&hellip;<\/p>\n","protected":false},"author":10,"featured_media":0,"parent":0,"menu_order":0,"comment_status":"closed","ping_status":"closed","template":"","meta":{"_acf_changed":false},"class_list":["post-1792","page","type-page","status-publish"],"acf":[],"aioseo_notices":[],"_links":{"self":[{"href":"https:\/\/www.viphotels.it\/de\/wp-json\/wp\/v2\/pages\/1792","targetHints":{"allow":["GET"]}}],"collection":[{"href":"https:\/\/www.viphotels.it\/de\/wp-json\/wp\/v2\/pages"}],"about":[{"href":"https:\/\/www.viphotels.it\/de\/wp-json\/wp\/v2\/types\/page"}],"author":[{"embeddable":true,"href":"https:\/\/www.viphotels.it\/de\/wp-json\/wp\/v2\/users\/10"}],"replies":[{"embeddable":true,"href":"https:\/\/www.viphotels.it\/de\/wp-json\/wp\/v2\/comments?post=1792"}],"version-history":[{"count":0,"href":"https:\/\/www.viphotels.it\/de\/wp-json\/wp\/v2\/pages\/1792\/revisions"}],"wp:attachment":[{"href":"https:\/\/www.viphotels.it\/de\/wp-json\/wp\/v2\/media?parent=1792"}],"curies":[{"name":"wp","href":"https:\/\/api.w.org\/{rel}","templated":true}]}}