{"id":1794,"date":"2015-03-30T18:44:12","date_gmt":"2015-03-30T16:44:12","guid":{"rendered":"https:\/\/www.viphotels.it\/meetingcongress-hotels-2\/"},"modified":"2015-07-17T16:58:20","modified_gmt":"2015-07-17T14:58:20","slug":"meetingcongress-hotels","status":"publish","type":"page","link":"https:\/\/www.viphotels.it\/de\/meetingcongress-hotels\/","title":{"rendered":"Meeting&amp;Congress Hotels"},"content":{"rendered":"<h3>Die Vip-Hotels sind f\u00fcr einen Urlaub<br \/>\nder Spitzenklasse ausgestattet und verf\u00fcgen au\u00dferdem \u00fcber alle Einrichtungen f\u00fcr Meetings und Kongresse.<\/h3>\n<p>Au\u00dfer der Grundausstattung bieten wir auf Anfrage eine Reihe von zus\u00e4tzlichen Dienstleistungen. Auf Wunsch organisieren wir Business-Events, Konferenzen und Meetings; die <strong>S\u00e4le der Vip-Hotels<\/strong> bilden daf\u00fcr den idealen Rahmen.<\/p>\n<p>Direkt am Meer in Pesaro oder mitten in der Altstadt von Urbino: Die Vip Hotels sind die perfekte Location f\u00fcr erfolgreiche Business-Events: Die strategische Lage, die Mehrzwecks\u00e4le, die funktionelle Ausstattung sowie die Professionalit\u00e4t des Teams gestattet die Organisation von <strong>Business-Events auf h\u00f6chstem Niveau<\/strong>.<\/p>\n<p>Alle, die auf der Suche nach eleganten <strong>R\u00e4umlichkeiten<\/strong>, historischen oder modernen Kontexten und beeindruckender Architektur sind, finden in den Vip Hotels das beste<strong> Angebot f\u00fcr ihre Business-Events<\/strong>.<\/p>\n<p><strong>\u00a0<\/strong><\/p>\n","protected":false},"excerpt":{"rendered":"<p>Die Vip-Hotels sind f\u00fcr einen Urlaub der Spitzenklasse ausgestattet und verf\u00fcgen au\u00dferdem \u00fcber alle Einrichtungen f\u00fcr Meetings und Kongresse. Au\u00dfer der Grundausstattung bieten wir auf Anfrage eine Reihe von zus\u00e4tzlichen&hellip;<\/p>\n","protected":false},"author":10,"featured_media":0,"parent":0,"menu_order":0,"comment_status":"closed","ping_status":"closed","template":"","meta":{"_acf_changed":false},"class_list":["post-1794","page","type-page","status-publish"],"acf":[],"aioseo_notices":[],"_links":{"self":[{"href":"https:\/\/www.viphotels.it\/de\/wp-json\/wp\/v2\/pages\/1794","targetHints":{"allow":["GET"]}}],"collection":[{"href":"https:\/\/www.viphotels.it\/de\/wp-json\/wp\/v2\/pages"}],"about":[{"href":"https:\/\/www.viphotels.it\/de\/wp-json\/wp\/v2\/types\/page"}],"author":[{"embeddable":true,"href":"https:\/\/www.viphotels.it\/de\/wp-json\/wp\/v2\/users\/10"}],"replies":[{"embeddable":true,"href":"https:\/\/www.viphotels.it\/de\/wp-json\/wp\/v2\/comments?post=1794"}],"version-history":[{"count":0,"href":"https:\/\/www.viphotels.it\/de\/wp-json\/wp\/v2\/pages\/1794\/revisions"}],"wp:attachment":[{"href":"https:\/\/www.viphotels.it\/de\/wp-json\/wp\/v2\/media?parent=1794"}],"curies":[{"name":"wp","href":"https:\/\/api.w.org\/{rel}","templated":true}]}}