{"id":358,"date":"2014-03-18T10:53:05","date_gmt":"2014-03-18T09:53:05","guid":{"rendered":"https:\/\/www.viphotels.it\/privacy-policy-2\/"},"modified":"2015-07-17T16:58:20","modified_gmt":"2015-07-17T14:58:20","slug":"privacy-policy","status":"publish","type":"page","link":"https:\/\/www.viphotels.it\/de\/privacy-policy\/","title":{"rendered":"Privacy Policy"},"content":{"rendered":"<p>Information \u00fcber Datenschutz\u00a0 (Art. 13 des ital. Legislativdekrets Nr. 196 vom 30.Juni 2003 \u201cDatenschutzkodex\u201d)<\/p>\n<p>Ihre personenbezogenen Daten, und insbesondere Ihre E-Mail Adresse, werden vom Hotel Belsit via dei\u00a0 Cappuccini, 15 &#8211; Scapezzano di Senigallia ( Ancona), H\u00fcter und Besitzer der Angaben, ausschliesslich daf\u00fcr verwendet, um Sie \u00fcber Aktivit\u00e4ten und Dienstleistungen des Hotels in Kenntnis zu setzen. Die Daten werden nicht an Dritte weitergegeben und vertraulich von unserem dazu bestimmten Personal unter Beachtung der erforderlichen Sicherheitsmassnahmen verarbeitet. Sie k\u00f6nnen sich jederzeit abmelden gem\u00e4ss Art. 7 des italienischen Dekrets, schreiben Sie an: info@viphotels.it<\/p>\n","protected":false},"excerpt":{"rendered":"<p>Information \u00fcber Datenschutz\u00a0 (Art. 13 des ital. Legislativdekrets Nr. 196 vom 30.Juni 2003 \u201cDatenschutzkodex\u201d) Ihre personenbezogenen Daten, und insbesondere Ihre E-Mail Adresse, werden vom Hotel Belsit via dei\u00a0 Cappuccini, 15&hellip;<\/p>\n","protected":false},"author":10,"featured_media":0,"parent":0,"menu_order":0,"comment_status":"closed","ping_status":"closed","template":"","meta":{"_acf_changed":false},"class_list":["post-358","page","type-page","status-publish"],"acf":[],"aioseo_notices":[],"_links":{"self":[{"href":"https:\/\/www.viphotels.it\/de\/wp-json\/wp\/v2\/pages\/358","targetHints":{"allow":["GET"]}}],"collection":[{"href":"https:\/\/www.viphotels.it\/de\/wp-json\/wp\/v2\/pages"}],"about":[{"href":"https:\/\/www.viphotels.it\/de\/wp-json\/wp\/v2\/types\/page"}],"author":[{"embeddable":true,"href":"https:\/\/www.viphotels.it\/de\/wp-json\/wp\/v2\/users\/10"}],"replies":[{"embeddable":true,"href":"https:\/\/www.viphotels.it\/de\/wp-json\/wp\/v2\/comments?post=358"}],"version-history":[{"count":0,"href":"https:\/\/www.viphotels.it\/de\/wp-json\/wp\/v2\/pages\/358\/revisions"}],"wp:attachment":[{"href":"https:\/\/www.viphotels.it\/de\/wp-json\/wp\/v2\/media?parent=358"}],"curies":[{"name":"wp","href":"https:\/\/api.w.org\/{rel}","templated":true}]}}