{"id":371,"date":"2013-07-09T12:41:08","date_gmt":"2013-07-09T12:41:08","guid":{"rendered":"https:\/\/www.viphotels.it\/home-2\/"},"modified":"2015-07-17T16:58:21","modified_gmt":"2015-07-17T14:58:21","slug":"home","status":"publish","type":"page","link":"https:\/\/www.viphotels.it\/de\/","title":{"rendered":"Die Exzellenz des Empfangs"},"content":{"rendered":"<p>Eine einzige Gruppe, sechs Einrichtungen, am Meer in Pesaro sowie in der Altstadt von Urbino, mehr als 100 Jahre Erfahrung in der F\u00fchrung von Hotels und Restaurants. Willkommen auf dem Portal Vip Hotels!<\/p>\n<h3>Sechs hochqualifizierte Einrichtungen f\u00fcr einzigartige Aufenthalte<\/h3>\n<p>Alle unsere H\u00e4user wenden sich sowohl an die Leisure-Kundschaft, als auch an die Business-Kundschaft, f\u00fcr die wir exklusive und personalisierte Dienstleistungen sowie geeignete S\u00e4le anbieten.<\/p>\n<h2>Vip Hotels in\u00a0Pesaro<\/h2>\n<p>Geschichte, Kunst und Meer: f\u00fcr einen Aufenthalt in Pesaro verf\u00fcgt Vip Hotels \u00fcber drei faszinierende H\u00e4user, alle wenige Schritte vom Meer, mit einem einzigartigen Blick sowie mit jedem Komfort. Sie k\u00f6nnen w\u00e4hlen zwischen einem edlen Haus aus der Zeit der Jahrhundertwende im exklusiven Gebiet der Strandpromenade von Pesaro; einem eleganten und gem\u00fctlichem <strong>Hotel mitten im Zentrum sowie einem sehr originellen Hotel am Meer, bei dem die Kunst im Vordergrund steht<\/strong>\u2026<\/p>\n<h2>Vip Hotels in\u00a0Urbino<\/h2>\n<p>Besuchen Sie <strong>eine der achtzig sch\u00f6nsten St\u00e4dte der Welt, <\/strong>gem\u00e4\u00df UNESCO, und wohnen Sie in <strong>charmanten Hotels:<\/strong> Dies ist das Angebot von Vip Hotels in Urbino, mit Hotels in der<strong> Altstadt<\/strong> oder<strong> direkt au\u00dferhalb der Stadtmauern<\/strong>, f\u00fcr eine eindrucksvolle Erfahrung mit gutem Essen, Panoramalandschaften und H\u00f6flichkeit\u2026<\/p>\n","protected":false},"excerpt":{"rendered":"<p>Eine einzige Gruppe, sechs Einrichtungen, am Meer in Pesaro sowie in der Altstadt von Urbino, mehr als 100 Jahre Erfahrung in der F\u00fchrung von Hotels und Restaurants. Willkommen auf dem&hellip;<\/p>\n","protected":false},"author":10,"featured_media":0,"parent":0,"menu_order":3,"comment_status":"closed","ping_status":"closed","template":"template.2cols.php","meta":{"_acf_changed":false},"class_list":["post-371","page","type-page","status-publish"],"acf":[],"aioseo_notices":[],"_links":{"self":[{"href":"https:\/\/www.viphotels.it\/de\/wp-json\/wp\/v2\/pages\/371","targetHints":{"allow":["GET"]}}],"collection":[{"href":"https:\/\/www.viphotels.it\/de\/wp-json\/wp\/v2\/pages"}],"about":[{"href":"https:\/\/www.viphotels.it\/de\/wp-json\/wp\/v2\/types\/page"}],"author":[{"embeddable":true,"href":"https:\/\/www.viphotels.it\/de\/wp-json\/wp\/v2\/users\/10"}],"replies":[{"embeddable":true,"href":"https:\/\/www.viphotels.it\/de\/wp-json\/wp\/v2\/comments?post=371"}],"version-history":[{"count":0,"href":"https:\/\/www.viphotels.it\/de\/wp-json\/wp\/v2\/pages\/371\/revisions"}],"wp:attachment":[{"href":"https:\/\/www.viphotels.it\/de\/wp-json\/wp\/v2\/media?parent=371"}],"curies":[{"name":"wp","href":"https:\/\/api.w.org\/{rel}","templated":true}]}}