{"id":465,"date":"2015-02-25T18:02:25","date_gmt":"2015-02-25T17:02:25","guid":{"rendered":"https:\/\/www.viphotels.it\/vip-hotels-a-pesaro-2\/"},"modified":"2015-07-17T16:58:21","modified_gmt":"2015-07-17T14:58:21","slug":"vip-hotels-pesaro","status":"publish","type":"page","link":"https:\/\/www.viphotels.it\/de\/vip-hotels-pesaro\/","title":{"rendered":"Vip Hotels Pesaro"},"content":{"rendered":"<p><a href=\"https:\/\/www.viphotels.it\/wp-content\/uploads\/2013\/07\/vittoria-hotel-5-stelle-pesaro.jpg\" data-rel=\"shadowbox['gallery']\"><img loading=\"lazy\" decoding=\"async\" class=\"alignleft  wp-image-147\" src=\"https:\/\/www.viphotels.it\/wp-content\/uploads\/2013\/07\/vittoria-hotel-5-stelle-pesaro.jpg\" alt=\"vittoria-hotel-5-stelle-pesaro\" width=\"261\" height=\"176\" \/><\/a><a title=\"Grand Hotel Vittoria\" href=\"https:\/\/www.viphotels.it\/de\/hotel\/grand-hotel-vittoria-pesaro\/\"><strong>Grand Hotel Vittoria<\/strong><\/a>. Seit 1908 beherbergt das herrliche Geb\u00e4ude aus der \u02ddBelle Epoque\u02dd, Ende des 19. Jh.s, das beste Hotel Pesaros, das am Meer, am bekanntesten Platz der Stadt gelegen ist.<br \/>\nDie wunderbar eingerichteten Zimmer und Suiten bieten modernsten Komfort. Ber\u00fchmteste Pers\u00f6nlichkeiten, die Pesaro besuchen, kehren von jeher im Hotel Vittoria. Unvergesslich ist das Restaurant Agor\u00e0 Rossini mit seiner schon von Pirandello sehr gesch\u00e4tzten Terrasse mit Blick aufs Meer.<\/p>\n<p><a href=\"https:\/\/www.viphotels.it\/wp-content\/uploads\/2015\/02\/hotel-savoy-pesaro.jpg\" data-rel=\"shadowbox['gallery']\"><img loading=\"lazy\" decoding=\"async\" class=\"alignleft  wp-image-148\" src=\"https:\/\/www.viphotels.it\/wp-content\/uploads\/2015\/02\/hotel-savoy-pesaro.jpg\" alt=\"hotel-savoy-pesaro\" width=\"261\" height=\"177\" \/><\/a><a title=\"Hotel Savoy\" href=\"https:\/\/www.viphotels.it\/de\/hotel\/hotel-savoy-pesaro\/\"><strong>Hotel Savoy<\/strong><\/a>. Das in Pesaro zentralgelegenste Hotel befindet sich in der bedeutendsten Allee der Stadt, in ruhiger und schattiger Lage, nur wenige\u00a0 Schritte vom Meer und von den wichtigsten Sehensw\u00fcrdigkeiten und \u00c4mtern entfernt. Es bietet modernsten Komfort und Service, wie u.a. Internet mit WIFI-Anschluss im ganzen Geb\u00e4ude. Vortrefflich ist die Privatgarage.<br \/>\nEine besondere Anerkennung geb\u00fchrt dem Restaurant \u02ddAriston Blue Dream\u02dd, das mit seiner sowohl internationalen als auch typisch regionalen K\u00fcche sogar die anspruchvollsten Gaumen verw\u00f6hnt.<\/p>\n<p><a href=\"https:\/\/www.viphotels.it\/wp-content\/uploads\/2015\/02\/alexander-museum-hotel-4-stelle-pesaro.jpg\" data-rel=\"shadowbox['gallery']\"><img loading=\"lazy\" decoding=\"async\" class=\"alignleft  wp-image-149\" src=\"https:\/\/www.viphotels.it\/wp-content\/uploads\/2015\/02\/alexander-museum-hotel-4-stelle-pesaro.jpg\" alt=\"alexander-museum-hotel-4-stelle-pesaro\" width=\"261\" height=\"177\" \/><\/a>Das <a title=\"Hotel Alexander Museum Palace\" href=\"https:\/\/www.viphotels.it\/de\/hotel\/hotel-alexander-museum-palace-pesaro\/\"><strong>Hotel Alexander Museum Palace<\/strong><\/a> ist ein unvergleichliches, Museumshotel\u2019, in dem jedes Zimmer von einem anderen K\u00fcnstler gestaltet wurde. Bekannte K\u00fcnstler, wie Arnaldo und Gi\u00f2 Pomodoro, Gino Marotta, Enzo Cucchi, Mimmo Paladino und Sandro Chia (um nur einige zu nennen), haben zur Verwirklichung dieser bleibenden Performance beigetragen. Nicht zu \u00fcbertreffen ist seine Lage direkt am Strand, auf der Vorderseite zum Meer hin befindet sich ein Schwimmbad, auf der R\u00fcckseite ragt nicht weit entfernt der H\u00fcgel, Ardizio\u2019 imposant hervor.<\/p>\n","protected":false},"excerpt":{"rendered":"<p>Grand Hotel Vittoria. Seit 1908 beherbergt das herrliche Geb\u00e4ude aus der \u02ddBelle Epoque\u02dd, Ende des 19. Jh.s, das beste Hotel Pesaros, das am Meer, am bekanntesten Platz der Stadt gelegen&hellip;<\/p>\n","protected":false},"author":10,"featured_media":0,"parent":0,"menu_order":0,"comment_status":"closed","ping_status":"closed","template":"","meta":{"_acf_changed":false},"class_list":["post-465","page","type-page","status-publish"],"acf":[],"aioseo_notices":[],"_links":{"self":[{"href":"https:\/\/www.viphotels.it\/de\/wp-json\/wp\/v2\/pages\/465","targetHints":{"allow":["GET"]}}],"collection":[{"href":"https:\/\/www.viphotels.it\/de\/wp-json\/wp\/v2\/pages"}],"about":[{"href":"https:\/\/www.viphotels.it\/de\/wp-json\/wp\/v2\/types\/page"}],"author":[{"embeddable":true,"href":"https:\/\/www.viphotels.it\/de\/wp-json\/wp\/v2\/users\/10"}],"replies":[{"embeddable":true,"href":"https:\/\/www.viphotels.it\/de\/wp-json\/wp\/v2\/comments?post=465"}],"version-history":[{"count":0,"href":"https:\/\/www.viphotels.it\/de\/wp-json\/wp\/v2\/pages\/465\/revisions"}],"wp:attachment":[{"href":"https:\/\/www.viphotels.it\/de\/wp-json\/wp\/v2\/media?parent=465"}],"curies":[{"name":"wp","href":"https:\/\/api.w.org\/{rel}","templated":true}]}}