{"id":1815,"date":"2015-03-27T10:36:42","date_gmt":"2015-03-27T09:36:42","guid":{"rendered":"https:\/\/www.viphotels.it\/cura-del-cliente-2\/"},"modified":"2015-07-17T16:57:18","modified_gmt":"2015-07-17T14:57:18","slug":"lattention-pour-le-client","status":"publish","type":"page","link":"https:\/\/www.viphotels.it\/fr\/lattention-pour-le-client\/","title":{"rendered":"L&rsquo;attention pour le Client"},"content":{"rendered":"<p>Votre d\u00e9tente et votre bien-\u00eatre sont pour nous une priorit\u00e9.<\/p>\n<h3>S\u00e9journer dans un Vip Hotel<br \/>\nest une exp\u00e9rience qui implique les cinq sens<br \/>\net assure des vacances sans souci.<\/h3>\n<p>Outre la <strong>position centrale de toutes nos structures<\/strong>, qui se situent \u00e0 deux pas de la mer et du centre-ville, nous portons une grande attention \u00e0 l&rsquo;accueil de chaque client.<br \/>\nLa <strong>courtoisie et le professionnalisme<\/strong> associ\u00e9s \u00e0 des services exclusifs repr\u00e9sentent nos propositions pour vos vacances.<\/p>\n<p>Les<strong> Vip Hotels<\/strong> disposent d&rsquo;une piscine panoramique avec solarium, pour profiter du soleil et se rafra\u00eechir en admirant toute la c\u00f4te.<br \/>\nUn <strong>peu d&rsquo;activit\u00e9 physique<\/strong>, m\u00eame en vacances, aide \u00e0 pr\u00e9server la bonne humeur et \u00e0 retrouver l&rsquo;\u00e9nergie: c&rsquo;est pourquoi nos structures sont \u00e9quip\u00e9es d&rsquo;une Zone Fitness avec des agr\u00e8s pour garder la forme.<\/p>\n<p>Le bien-\u00eatre passe \u00e9galement par la table; aussi, nos <strong>Chefs pr\u00e9parent chaque jour des plats \u00e0 base de viande<\/strong>, de poisson et de l\u00e9gumes frais en suivant et en adaptant les recettes typiques de la r\u00e9gion. Et nous pr\u00e9parons des menus sp\u00e9ciaux si vous avez des exigences alimentaires particuli\u00e8res ou si vous souffrez d&rsquo;intol\u00e9rances et d&rsquo;allergies. Pour les enfants, nous cr\u00e9ons des plats qui tiennent compte de leur \u00e2ge et de leurs besoins.<\/p>\n<p>&nbsp;<\/p>\n","protected":false},"excerpt":{"rendered":"<p>Votre d\u00e9tente et votre bien-\u00eatre sont pour nous une priorit\u00e9. S\u00e9journer dans un Vip Hotel est une exp\u00e9rience qui implique les cinq sens et assure des vacances sans souci. Outre&hellip;<\/p>\n","protected":false},"author":10,"featured_media":0,"parent":0,"menu_order":0,"comment_status":"closed","ping_status":"closed","template":"","meta":{"_acf_changed":false},"class_list":["post-1815","page","type-page","status-publish"],"acf":[],"aioseo_notices":[],"_links":{"self":[{"href":"https:\/\/www.viphotels.it\/fr\/wp-json\/wp\/v2\/pages\/1815","targetHints":{"allow":["GET"]}}],"collection":[{"href":"https:\/\/www.viphotels.it\/fr\/wp-json\/wp\/v2\/pages"}],"about":[{"href":"https:\/\/www.viphotels.it\/fr\/wp-json\/wp\/v2\/types\/page"}],"author":[{"embeddable":true,"href":"https:\/\/www.viphotels.it\/fr\/wp-json\/wp\/v2\/users\/10"}],"replies":[{"embeddable":true,"href":"https:\/\/www.viphotels.it\/fr\/wp-json\/wp\/v2\/comments?post=1815"}],"version-history":[{"count":0,"href":"https:\/\/www.viphotels.it\/fr\/wp-json\/wp\/v2\/pages\/1815\/revisions"}],"wp:attachment":[{"href":"https:\/\/www.viphotels.it\/fr\/wp-json\/wp\/v2\/media?parent=1815"}],"curies":[{"name":"wp","href":"https:\/\/api.w.org\/{rel}","templated":true}]}}