{"id":1819,"date":"2015-03-27T10:43:10","date_gmt":"2015-03-27T09:43:10","guid":{"rendered":"https:\/\/www.viphotels.it\/hotel-centrali-a-pesaro-e-urbino-2\/"},"modified":"2015-07-17T16:57:17","modified_gmt":"2015-07-17T14:57:17","slug":"des-hotels-centraux-a-pesaro-et-a-urbino","status":"publish","type":"page","link":"https:\/\/www.viphotels.it\/fr\/des-hotels-centraux-a-pesaro-et-a-urbino\/","title":{"rendered":"Des h\u00f4tels centraux \u00e0 Pesaro et \u00e0 Urbino"},"content":{"rendered":"<p>Se r\u00e9veiller le matin et, apr\u00e8s un petit d\u00e9jeuner copieux \u00e0 base de produits naturels et de p\u00e2tisseries artisanales, d\u00e9cider de se rendre \u00e0 la mer ou de faire une promenade dans la vieille ville: en s\u00e9journant dans un Vip Hotel, vous pourrez choisir \u00e0 tout moment o\u00f9 aller, parce que la plage et les rues du shopping sont vraiment tr\u00e8s proches de nos structures.<\/p>\n<h3>Situ\u00e9s dans une position centrale,<br \/>\nface \u00e0 la mer, en pleine vieille ville,<br \/>\nles Vip Hotels permettent de vivre des vacances en toute libert\u00e9,<br \/>\nen oubliant m\u00eame la voiture.<\/h3>\n<p>Les monuments, les rues pi\u00e9tonnes, les boutiques et la promenade sont si proches des Vip Hotels que les d\u00e9placements \u00e0 pied deviennent un moment de d\u00e9tente entre un bain de mer et un bain de soleil.<\/p>\n<h2>Les Vip Hotels de Pesaro<\/h2>\n<p>Ils conjuguent le prestige de structures de luxe et le confort de leur position.<br \/>\nLe<strong> Grand Hotel Vittoria<\/strong> est une ancienne demeure historique en style Belle \u00c9poque donnant sur la mer, directement situ\u00e9 sur la place principale de Pesaro, dans le cadre exclusif de la promenade, entour\u00e9e de c\u00e9l\u00e8bres sculptures.<br \/>\nL\u2019<strong>H\u00f4tel Savoy<\/strong> se trouve \u00e0 deux pas de la mer dans une position privil\u00e9gi\u00e9e, sur l&rsquo;avenue principale de la ville.<br \/>\nUnique en son genre, l\u2019<strong>Alexander Museum Palace Hotel<\/strong> offre \u00e0 ses clients \u201cune exp\u00e9rience \u00e9motionnelle\u201d inoubliable.<\/p>\n<h2>Les Vip Hotels d&rsquo;Urbino<\/h2>\n<p>Ils se situent dans une position strat\u00e9gique, en pleine vieille ville, ou tout juste sous les remparts.<br \/>\nL\u2019<strong>H\u00f4tel San Domenico<\/strong> se trouve au centre-ville, face au Palais Ducal; on s&rsquo;y rend ais\u00e9ment et il est \u00e9quip\u00e9 d&rsquo;un parking priv\u00e9.<br \/>\nL&rsquo;<strong>H\u00f4tel Bonconte<\/strong> est situ\u00e9 tout juste \u00e0 l&rsquo;ext\u00e9rieur des remparts d&rsquo;Urbino; on y passe des moments de d\u00e9tente totale immerg\u00e9s dans la tranquillit\u00e9 de paysages \u00e0 couper le souffle.<br \/>\nQuant \u00e0 l\u2019<strong>H\u00f4tel&amp;Residence Dei Duchi<\/strong>, il occupe une position privil\u00e9gi\u00e9e, \u00e0 l&rsquo;entr\u00e9e de la ville, et il offre une vue panoramique unique, repr\u00e9sent\u00e9e sur les tableaux de Raffaello Sanzio (Rapha\u00ebl) et de Piero Della Francesca.<\/p>\n","protected":false},"excerpt":{"rendered":"<p>Se r\u00e9veiller le matin et, apr\u00e8s un petit d\u00e9jeuner copieux \u00e0 base de produits naturels et de p\u00e2tisseries artisanales, d\u00e9cider de se rendre \u00e0 la mer ou de faire une&hellip;<\/p>\n","protected":false},"author":10,"featured_media":0,"parent":0,"menu_order":0,"comment_status":"closed","ping_status":"closed","template":"","meta":{"_acf_changed":false},"class_list":["post-1819","page","type-page","status-publish"],"acf":[],"aioseo_notices":[],"_links":{"self":[{"href":"https:\/\/www.viphotels.it\/fr\/wp-json\/wp\/v2\/pages\/1819","targetHints":{"allow":["GET"]}}],"collection":[{"href":"https:\/\/www.viphotels.it\/fr\/wp-json\/wp\/v2\/pages"}],"about":[{"href":"https:\/\/www.viphotels.it\/fr\/wp-json\/wp\/v2\/types\/page"}],"author":[{"embeddable":true,"href":"https:\/\/www.viphotels.it\/fr\/wp-json\/wp\/v2\/users\/10"}],"replies":[{"embeddable":true,"href":"https:\/\/www.viphotels.it\/fr\/wp-json\/wp\/v2\/comments?post=1819"}],"version-history":[{"count":0,"href":"https:\/\/www.viphotels.it\/fr\/wp-json\/wp\/v2\/pages\/1819\/revisions"}],"wp:attachment":[{"href":"https:\/\/www.viphotels.it\/fr\/wp-json\/wp\/v2\/media?parent=1819"}],"curies":[{"name":"wp","href":"https:\/\/api.w.org\/{rel}","templated":true}]}}