{"id":1823,"date":"2015-03-27T11:21:46","date_gmt":"2015-03-27T10:21:46","guid":{"rendered":"https:\/\/www.viphotels.it\/servizi-di-alto-livello-2\/"},"modified":"2015-07-17T16:57:18","modified_gmt":"2015-07-17T14:57:18","slug":"des-services-dun-haut-niveau","status":"publish","type":"page","link":"https:\/\/www.viphotels.it\/fr\/des-services-dun-haut-niveau\/","title":{"rendered":"Des services d&rsquo;un haut niveau"},"content":{"rendered":"<h3>Le plaisir des vacances commence par les d\u00e9tails.<br \/>\nLes Vip Hotels offrent des services exclusifs<br \/>\ndans des cadres d&rsquo;une beaut\u00e9 exceptionnelle,<br \/>\nsoign\u00e9s dans le moindre d\u00e9tail.<\/h3>\n<p>Les Vip Hotels de Pesaro se situent tous \u00e0 deux pas de la mer et ils disposent de piscines panoramiques et d&rsquo;une zone solarium pour profiter du soleil; si vous aimez la plage, nos structures proposent des cabines en bord de mer.<\/p>\n<p>Les <strong>Vip Hotels d&rsquo;Urbino<\/strong> promettent des s\u00e9jours de d\u00e9tente au c\u0153ur d&rsquo;une magnifique ville historique, et des espaces raffin\u00e9s soign\u00e9s dans le moindre d\u00e9tail.<\/p>\n<p>Les <strong>\u00e9l\u00e9gantes zones communes des Vip Hotels<\/strong> permettent de passer d&rsquo;agr\u00e9ables moments de d\u00e9tente et de distraction: du salon de th\u00e9 \u00e0 la salle de billard, de la salle de lecture \u00e0 l\u2019American bar, en passant par l&rsquo;aire de jeux pour enfants, chaque espace est soign\u00e9 et con\u00e7u pour des vacances sereines et reposantes.<\/p>\n<p>Pour garder la forme en vacances, vous pouvez profiter des <strong>Zones Fitness des Vip Hotels<\/strong>, avec des agr\u00e8s de derni\u00e8re g\u00e9n\u00e9ration, parfaits pour retrouver le bon tonus musculaire. Et apr\u00e8s l&rsquo;exercice physique, quoi de mieux qu&rsquo;un sauna et un peu de repos dans la zone d\u00e9tente, ou un massage pour se r\u00e9g\u00e9n\u00e9rer compl\u00e8tement.<\/p>\n<p>Pour les <strong>s\u00e9jours Business, les Salles des Congr\u00e8s des Vip Hotels<\/strong>, \u00e9quip\u00e9es et modulaires, accueillent des rencontres, des meetings et des \u00e9v\u00e9nements au succ\u00e8s garanti. On peut \u00e9galement disposer de services et d&rsquo;\u00e9quipements suppl\u00e9mentaires, sur demande.<\/p>\n<p>La <strong>restauration est le fleuron des Vip Hotels<\/strong>: Des chefs attentifs et cr\u00e9atifs \u00e9laborent chaque jour des propositions culinaires \u00e0 base de produits frais et naturels. Une attention particuli\u00e8re est port\u00e9e aux intol\u00e9rances alimentaires et \u00e0 l&rsquo;alimentation des enfants pour qui ils pr\u00e9parent des menus sp\u00e9ciaux.<\/p>\n","protected":false},"excerpt":{"rendered":"<p>Le plaisir des vacances commence par les d\u00e9tails. Les Vip Hotels offrent des services exclusifs dans des cadres d&rsquo;une beaut\u00e9 exceptionnelle, soign\u00e9s dans le moindre d\u00e9tail. Les Vip Hotels de&hellip;<\/p>\n","protected":false},"author":10,"featured_media":0,"parent":0,"menu_order":0,"comment_status":"closed","ping_status":"closed","template":"","meta":{"_acf_changed":false},"class_list":["post-1823","page","type-page","status-publish"],"acf":[],"aioseo_notices":[],"_links":{"self":[{"href":"https:\/\/www.viphotels.it\/fr\/wp-json\/wp\/v2\/pages\/1823","targetHints":{"allow":["GET"]}}],"collection":[{"href":"https:\/\/www.viphotels.it\/fr\/wp-json\/wp\/v2\/pages"}],"about":[{"href":"https:\/\/www.viphotels.it\/fr\/wp-json\/wp\/v2\/types\/page"}],"author":[{"embeddable":true,"href":"https:\/\/www.viphotels.it\/fr\/wp-json\/wp\/v2\/users\/10"}],"replies":[{"embeddable":true,"href":"https:\/\/www.viphotels.it\/fr\/wp-json\/wp\/v2\/comments?post=1823"}],"version-history":[{"count":0,"href":"https:\/\/www.viphotels.it\/fr\/wp-json\/wp\/v2\/pages\/1823\/revisions"}],"wp:attachment":[{"href":"https:\/\/www.viphotels.it\/fr\/wp-json\/wp\/v2\/media?parent=1823"}],"curies":[{"name":"wp","href":"https:\/\/api.w.org\/{rel}","templated":true}]}}