{"id":1827,"date":"2015-03-27T11:26:10","date_gmt":"2015-03-27T10:26:10","guid":{"rendered":"https:\/\/www.viphotels.it\/suite-eleganti-con-ogni-comfort-2\/"},"modified":"2015-07-17T16:57:18","modified_gmt":"2015-07-17T14:57:18","slug":"des-suites-elegantes-avec-tout-le-confort","status":"publish","type":"page","link":"https:\/\/www.viphotels.it\/fr\/des-suites-elegantes-avec-tout-le-confort\/","title":{"rendered":"Des suites \u00e9l\u00e9gantes avec tout le confort"},"content":{"rendered":"<p>Les chambres contribuent elles aussi \u00e0 rendre vos vacances inoubliables: dans les Vip Hotels, elles sont \u00e9quip\u00e9es de tout type de confort.<\/p>\n<h3>\u00c9l\u00e9gantes et tr\u00e8s soign\u00e9es,<br \/>\nles chambres sont spacieuses et fonctionnelles,<br \/>\nconjuguant le raffinement du style et<br \/>\nles habitudes les plus modernes.<\/h3>\n<p><strong>Confortables et accueillantes<\/strong>, les suites sont \u00e9galement \u00e9quip\u00e9es d&rsquo;une baignoire \u00e0 hydromassage pour se d\u00e9tendre apr\u00e8s une journ\u00e9e de travail, ou sur la plage.<\/p>\n<p><strong>Service en chambre 24 heures sur 24<\/strong>, balcon face \u00e0 la mer, insonorisation totale des chambres et climatisation r\u00e9glable: voici quelques-uns des services exclusifs pour des vacances dans les Vip Hotels.<\/p>\n<p><strong>Trois types de chambre<\/strong> pour r\u00e9pondre \u00e0 toutes les exigences: dans les Vip Hotels vous pourrez s\u00e9journer dans des chambres<strong> Business, Executive et De Luxe.<\/strong><\/p>\n","protected":false},"excerpt":{"rendered":"<p>Les chambres contribuent elles aussi \u00e0 rendre vos vacances inoubliables: dans les Vip Hotels, elles sont \u00e9quip\u00e9es de tout type de confort. \u00c9l\u00e9gantes et tr\u00e8s soign\u00e9es, les chambres sont spacieuses&hellip;<\/p>\n","protected":false},"author":10,"featured_media":0,"parent":0,"menu_order":0,"comment_status":"closed","ping_status":"closed","template":"","meta":{"_acf_changed":false},"class_list":["post-1827","page","type-page","status-publish"],"acf":[],"aioseo_notices":[],"_links":{"self":[{"href":"https:\/\/www.viphotels.it\/fr\/wp-json\/wp\/v2\/pages\/1827","targetHints":{"allow":["GET"]}}],"collection":[{"href":"https:\/\/www.viphotels.it\/fr\/wp-json\/wp\/v2\/pages"}],"about":[{"href":"https:\/\/www.viphotels.it\/fr\/wp-json\/wp\/v2\/types\/page"}],"author":[{"embeddable":true,"href":"https:\/\/www.viphotels.it\/fr\/wp-json\/wp\/v2\/users\/10"}],"replies":[{"embeddable":true,"href":"https:\/\/www.viphotels.it\/fr\/wp-json\/wp\/v2\/comments?post=1827"}],"version-history":[{"count":0,"href":"https:\/\/www.viphotels.it\/fr\/wp-json\/wp\/v2\/pages\/1827\/revisions"}],"wp:attachment":[{"href":"https:\/\/www.viphotels.it\/fr\/wp-json\/wp\/v2\/media?parent=1827"}],"curies":[{"name":"wp","href":"https:\/\/api.w.org\/{rel}","templated":true}]}}