{"id":1835,"date":"2015-03-30T18:44:12","date_gmt":"2015-03-30T16:44:12","guid":{"rendered":"https:\/\/www.viphotels.it\/meetingcongress-hotels-2\/"},"modified":"2015-07-17T16:57:18","modified_gmt":"2015-07-17T14:57:18","slug":"meetingcongress-hotels","status":"publish","type":"page","link":"https:\/\/www.viphotels.it\/fr\/meetingcongress-hotels\/","title":{"rendered":"Meeting&amp;Congress Hotels"},"content":{"rendered":"<h3>Les Vip Hotels sont des structures pour des vacances de classe,<br \/>\ndisposant de salles de meeting et de congr\u00e8s<\/h3>\n<p>Sur demande, on dispose de l&rsquo;instrumentation de base mais aussi d&rsquo;une s\u00e9rie de services sp\u00e9cifiques.<\/p>\n<p><strong>Les salles des Vip Hotels sont le cadre id\u00e9al pour organiser des \u00e9v\u00e9nements<\/strong>, des congr\u00e8s et des rencontres d&rsquo;entreprise.<\/p>\n<p>Directement au<strong> bord de la mer \u00e0 Pesaro<\/strong>, ou en plein centre-ville \u00e0 <strong>Urbino<\/strong>, les <strong>Vip Hotels<\/strong> sont le lieu id\u00e9al pour des \u00e9v\u00e9nements business de succ\u00e8s: <strong>la position strat\u00e9gique, les salles polyvalentes, l&rsquo;instrumentation et les services accessoires, associ\u00e9s au professionnalisme de l&rsquo;\u00e9quipe permettent d&rsquo;organiser au mieux les moments business, sans souci.<\/strong><\/p>\n<p><strong>Si vous \u00eates \u00e0 la recherche d&rsquo;espaces raffin\u00e9s, de contextes historiques ou modernes et d&rsquo;architectures suggestives, les Vip Hotels repr\u00e9sentent la meilleure offre pour vos \u00e9v\u00e9nements business.<\/strong><\/p>\n","protected":false},"excerpt":{"rendered":"<p>Les Vip Hotels sont des structures pour des vacances de classe, disposant de salles de meeting et de congr\u00e8s Sur demande, on dispose de l&rsquo;instrumentation de base mais aussi d&rsquo;une&hellip;<\/p>\n","protected":false},"author":10,"featured_media":0,"parent":0,"menu_order":0,"comment_status":"closed","ping_status":"closed","template":"","meta":{"_acf_changed":false},"class_list":["post-1835","page","type-page","status-publish"],"acf":[],"aioseo_notices":[],"_links":{"self":[{"href":"https:\/\/www.viphotels.it\/fr\/wp-json\/wp\/v2\/pages\/1835","targetHints":{"allow":["GET"]}}],"collection":[{"href":"https:\/\/www.viphotels.it\/fr\/wp-json\/wp\/v2\/pages"}],"about":[{"href":"https:\/\/www.viphotels.it\/fr\/wp-json\/wp\/v2\/types\/page"}],"author":[{"embeddable":true,"href":"https:\/\/www.viphotels.it\/fr\/wp-json\/wp\/v2\/users\/10"}],"replies":[{"embeddable":true,"href":"https:\/\/www.viphotels.it\/fr\/wp-json\/wp\/v2\/comments?post=1835"}],"version-history":[{"count":0,"href":"https:\/\/www.viphotels.it\/fr\/wp-json\/wp\/v2\/pages\/1835\/revisions"}],"wp:attachment":[{"href":"https:\/\/www.viphotels.it\/fr\/wp-json\/wp\/v2\/media?parent=1835"}],"curies":[{"name":"wp","href":"https:\/\/api.w.org\/{rel}","templated":true}]}}