{"id":370,"date":"2013-07-09T12:41:08","date_gmt":"2013-07-09T12:41:08","guid":{"rendered":"https:\/\/www.viphotels.it\/home-2\/"},"modified":"2017-07-31T13:53:24","modified_gmt":"2017-07-31T11:53:24","slug":"home","status":"publish","type":"page","link":"https:\/\/www.viphotels.it\/fr\/","title":{"rendered":"L&rsquo;excellence de l&rsquo;accueil"},"content":{"rendered":"<p>Un groupe unique, six structures situ\u00e9es entre le bord de mer de Pesaro et le centre historique d&rsquo;Urbino, plus de 100 ans d&rsquo;exp\u00e9rience acquise dans le cadre de la gestion h\u00f4teli\u00e8re et de la restauration. Bienvenue dans le portail Vip Hotels !<\/p>\n<h3>Six structures hautement qualifi\u00e9es pour des s\u00e9jours uniques<\/h3>\n<p>Toutes nos structures s&rsquo;adressent \u00e0 une client\u00e8le leisure et business, pour laquelle nous disposons de services exclusifs et personnalis\u00e9s ainsi que de salles d\u00e9di\u00e9es.<\/p>\n<h2>Vip Hotels \u00e0 Pesaro<\/h2>\n<p>Histoire, art et mer : si vous souhaitez s\u00e9journer \u00e0 Pesaro, Vip Hotels propose trois structures absolument charmantes, \u00e0 quelques pas de la mer, avec une vue unique et \u00e9quip\u00e9es de tout confort. Vous pourrez choisir une prestigieuse demeure de la fin du XIXe, dans le quartier exclusif du bord de mer de Pesaro; <strong>un h\u00f4tel \u00e9l\u00e9gant et accueillant en plein centre et un h\u00f4tel en bord de mer tr\u00e8s original, o\u00f9 l&rsquo;art est le protagoniste indiscutable<\/strong>&#8230;.<\/p>\n<h2>Vip Hotels \u00e0 Urbino<\/h2>\n<p>Visiter une des 8<strong>0 plus belles villes du monde selon l\u2019Unesco<\/strong>, en s\u00e9journant dans des h\u00f4tels de charme : c&rsquo;est la proposition Vip Hotels \u00e0 Urbino, avec des h\u00f4tels situ\u00e9s dans la vieille ville ou l\u00e9g\u00e8rement en p\u00e9riph\u00e9rie, pour vivre une <strong>exp\u00e9rience suggestive faite de bonne table, de paysages panoramiques et de courtoisie<\/strong> &#8230;<\/p>\n","protected":false},"excerpt":{"rendered":"<p>Un groupe unique, six structures situ\u00e9es entre le bord de mer de Pesaro et le centre historique d&rsquo;Urbino, plus de 100 ans d&rsquo;exp\u00e9rience acquise dans le cadre de la gestion&hellip;<\/p>\n","protected":false},"author":10,"featured_media":0,"parent":0,"menu_order":3,"comment_status":"closed","ping_status":"closed","template":"template.2cols.php","meta":{"_acf_changed":false},"class_list":["post-370","page","type-page","status-publish"],"acf":[],"aioseo_notices":[],"_links":{"self":[{"href":"https:\/\/www.viphotels.it\/fr\/wp-json\/wp\/v2\/pages\/370","targetHints":{"allow":["GET"]}}],"collection":[{"href":"https:\/\/www.viphotels.it\/fr\/wp-json\/wp\/v2\/pages"}],"about":[{"href":"https:\/\/www.viphotels.it\/fr\/wp-json\/wp\/v2\/types\/page"}],"author":[{"embeddable":true,"href":"https:\/\/www.viphotels.it\/fr\/wp-json\/wp\/v2\/users\/10"}],"replies":[{"embeddable":true,"href":"https:\/\/www.viphotels.it\/fr\/wp-json\/wp\/v2\/comments?post=370"}],"version-history":[{"count":0,"href":"https:\/\/www.viphotels.it\/fr\/wp-json\/wp\/v2\/pages\/370\/revisions"}],"wp:attachment":[{"href":"https:\/\/www.viphotels.it\/fr\/wp-json\/wp\/v2\/media?parent=370"}],"curies":[{"name":"wp","href":"https:\/\/api.w.org\/{rel}","templated":true}]}}