{"id":464,"date":"2015-02-25T18:02:25","date_gmt":"2015-02-25T17:02:25","guid":{"rendered":"https:\/\/www.viphotels.it\/vip-hotels-a-pesaro-2\/"},"modified":"2015-07-17T16:57:19","modified_gmt":"2015-07-17T14:57:19","slug":"vip-hotels-pesaro","status":"publish","type":"page","link":"https:\/\/www.viphotels.it\/fr\/vip-hotels-pesaro\/","title":{"rendered":"Vip Hotels Pesaro"},"content":{"rendered":"<p><a href=\"https:\/\/www.viphotels.it\/wp-content\/uploads\/2013\/07\/vittoria-hotel-5-stelle-pesaro.jpg\" data-rel=\"shadowbox['gallery']\"><img loading=\"lazy\" decoding=\"async\" class=\"alignleft  wp-image-147\" src=\"https:\/\/www.viphotels.it\/wp-content\/uploads\/2013\/07\/vittoria-hotel-5-stelle-pesaro.jpg\" alt=\"vittoria-hotel-5-stelle-pesaro\" width=\"261\" height=\"176\" \/><\/a><a title=\"Grand Hotel Vittoria\" href=\"https:\/\/www.viphotels.it\/fr\/hotel\/grand-hotel-vittoria-pesaro\/\"><strong>Grand H\u00f4tel Vittoria<\/strong><\/a>. Un \u00e9difice merveilleux de la Belle Epoque fin de l\u2019an 800 h\u00e9berge le meilleur h\u00f4tel de Pesaro, situ\u00e9 sur la place principale de la ville, face \u00e0 la mer.<br \/>\nLes chambres et les suites, magnifiquement am\u00e9nag\u00e9es, offrent tous les conforts les plus modernes. Les personnalit\u00e9s, les plus c\u00e9l\u00e8bres, de passage \u00e0 Pesaro sont descendues et descendent encore au Vittoria. Inoubliable, le Restaurant Agor\u00e0 Rossini avec sa terrasse sur la mer tant appr\u00e9ci\u00e9e par Pirandello.<\/p>\n<p><a href=\"https:\/\/www.viphotels.it\/wp-content\/uploads\/2015\/02\/hotel-savoy-pesaro.jpg\" data-rel=\"shadowbox['gallery']\"><img loading=\"lazy\" decoding=\"async\" class=\"alignleft  wp-image-148\" src=\"https:\/\/www.viphotels.it\/wp-content\/uploads\/2015\/02\/hotel-savoy-pesaro.jpg\" alt=\"hotel-savoy-pesaro\" width=\"261\" height=\"177\" \/><\/a><a title=\"Hotel Savoy\" href=\"https:\/\/www.viphotels.it\/fr\/hotel\/hotel-savoy-pesaro\/\"><strong>H\u00f4tel Savoy<\/strong><\/a>. L\u2019h\u00f4tel, le plus au centre de Pesaro, moderne et fonctionnel, sur l\u2019ombrag\u00e9e et paisible avenue principale, \u00e0 quelques pas de la mer et des monuments et lieux les plus importants.<br \/>\nIl offre tous les conforts et services les plus modernes, dont la connexion internet wifi dans tout l\u2019h\u00f4tel. Un grand garage priv\u00e9.<br \/>\nLe restaurant Ariston Blue Dream m\u00e9rite une mention particuli\u00e8re pour sa cuisine typiquement locale et internationale. Il satisfait\u00a0 m\u00eame les palais, les plus exigeants.<\/p>\n<p><a href=\"https:\/\/www.viphotels.it\/wp-content\/uploads\/2015\/02\/alexander-museum-hotel-4-stelle-pesaro.jpg\" data-rel=\"shadowbox['gallery']\"><img loading=\"lazy\" decoding=\"async\" class=\"alignleft  wp-image-149\" src=\"https:\/\/www.viphotels.it\/wp-content\/uploads\/2015\/02\/alexander-museum-hotel-4-stelle-pesaro.jpg\" alt=\"alexander-museum-hotel-4-stelle-pesaro\" width=\"261\" height=\"177\" \/><\/a>L\u2019<a title=\"Hotel Alexander Museum Palace\" href=\"https:\/\/www.viphotels.it\/fr\/hotel\/hotel-alexander-museum-palace-pesaro\/\"><strong>h\u00f4tel Alexander Museum Palace<\/strong><\/a> est un merveilleux h\u00f4tel-mus\u00e9e dans lequel chaque chambre a \u00e9t\u00e9 r\u00e9alis\u00e9e par un artiste diff\u00e9rent.<br \/>\nDes artistes c\u00e9l\u00e8bres comme Arnaldo et Gio Pomodoro, Gino Marotta, Enzo Cucchi, Mimmo Paladino et Sandro Chia (pour en citer quelques un), ont donn\u00e9 leur contribution essentielle \u00e0 la r\u00e9alisation de cette performance. Il est positionn\u00e9 de fa\u00e7on insurmontable, directement sur la plage, avec la piscine face \u00e0 la mer et \u00e0 ses \u00e9paules se trouve le pr\u00e9cipice de la colline.<\/p>\n","protected":false},"excerpt":{"rendered":"<p>Grand H\u00f4tel Vittoria. Un \u00e9difice merveilleux de la Belle Epoque fin de l\u2019an 800 h\u00e9berge le meilleur h\u00f4tel de Pesaro, situ\u00e9 sur la place principale de la ville, face \u00e0&hellip;<\/p>\n","protected":false},"author":10,"featured_media":0,"parent":0,"menu_order":0,"comment_status":"closed","ping_status":"closed","template":"","meta":{"_acf_changed":false},"class_list":["post-464","page","type-page","status-publish"],"acf":[],"aioseo_notices":[],"_links":{"self":[{"href":"https:\/\/www.viphotels.it\/fr\/wp-json\/wp\/v2\/pages\/464","targetHints":{"allow":["GET"]}}],"collection":[{"href":"https:\/\/www.viphotels.it\/fr\/wp-json\/wp\/v2\/pages"}],"about":[{"href":"https:\/\/www.viphotels.it\/fr\/wp-json\/wp\/v2\/types\/page"}],"author":[{"embeddable":true,"href":"https:\/\/www.viphotels.it\/fr\/wp-json\/wp\/v2\/users\/10"}],"replies":[{"embeddable":true,"href":"https:\/\/www.viphotels.it\/fr\/wp-json\/wp\/v2\/comments?post=464"}],"version-history":[{"count":0,"href":"https:\/\/www.viphotels.it\/fr\/wp-json\/wp\/v2\/pages\/464\/revisions"}],"wp:attachment":[{"href":"https:\/\/www.viphotels.it\/fr\/wp-json\/wp\/v2\/media?parent=464"}],"curies":[{"name":"wp","href":"https:\/\/api.w.org\/{rel}","templated":true}]}}