{"id":471,"date":"2015-02-25T18:12:55","date_gmt":"2015-02-25T17:12:55","guid":{"rendered":"https:\/\/www.viphotels.it\/vip-hotels-a-urbino-2\/"},"modified":"2015-07-17T16:57:20","modified_gmt":"2015-07-17T14:57:20","slug":"vip-hotels-urbino","status":"publish","type":"page","link":"https:\/\/www.viphotels.it\/fr\/vip-hotels-urbino\/","title":{"rendered":"Vip Hotels Urbino"},"content":{"rendered":"<p><a title=\"Albergo San Domenico\" href=\"https:\/\/www.viphotels.it\/fr\/hotel\/albergo-san-domenico-urbino\/\"><strong>Albergo San Domenico<\/strong><\/a>. Le meilleur h\u00f4tel d\u2019Urbino, un ancien couvent dom\u00e9nicain de l\u2019an 1300, transform\u00e9 r\u00e9cemment en h\u00f4tel. Il se trouve sur la place principale d\u2019Urbino, en face du Palais Ducale, entre la Cath\u00e9drale, l\u2019Universit\u00e9 et Santa Chiara. Il offre tous les conforts les plus modernes. Il a un grand parking priv\u00e9. La vue du quatri\u00e8me \u00e9tage sur l\u2019int\u00e9rieure de l\u2019\u00e9glise San Domenico, la citerne romane et vieux clo\u00eetre, sont uniques.<\/p>\n<p>L\u2019<a title=\"Hotel Bonconte\" href=\"https:\/\/www.viphotels.it\/fr\/hotel\/hotel-bonconte-urbino\/\"><strong>h\u00f4tel Bonconte<\/strong><\/a> \u00e9tait une villa de l\u2019an 800 et est situ\u00e9 sur les vielles remparts de la ville en face du Mausoleo dei Duchi, r\u00e9cemment restaur\u00e9 et \u00e9l\u00e9gamment am\u00e9nag\u00e9 avec quelques meubles d\u2019\u00e9poque. Un oasis de tranquillit\u00e9 munit d\u2019une excellente vue panoramique se trouve dans le centre historique d\u2019Urbino. Pendant la belle saison il est possible de d\u00e9jeuner dans la merveilleuse cour int\u00e9rieure.<\/p>\n<p>L\u2019<a title=\"Hotel &amp; Residence Dei Duchi\" href=\"https:\/\/www.viphotels.it\/fr\/hotel\/hotel-residence-dei-duchi-urbino\/\"><strong>H\u00f4tel &amp; Residence Dei Duchi<\/strong><\/a> se trouve dans une zone tranquille avec vue panoramique, d\u2019o\u00f9 on peut admirer un subjectif et reposant paysage, reprit dans de nombreux tableaux de Raffaello e Piero della Francesca. Il offre tous les conforts et services, les plus modernes, dont la connexion internet wifi dans tout l\u2019h\u00f4tel. Un garage et un parking priv\u00e9 sont \u00e0 votre disposition .<\/p>\n","protected":false},"excerpt":{"rendered":"<p>Albergo San Domenico. Le meilleur h\u00f4tel d\u2019Urbino, un ancien couvent dom\u00e9nicain de l\u2019an 1300, transform\u00e9 r\u00e9cemment en h\u00f4tel. Il se trouve sur la place principale d\u2019Urbino, en face du Palais&hellip;<\/p>\n","protected":false},"author":10,"featured_media":0,"parent":0,"menu_order":0,"comment_status":"closed","ping_status":"closed","template":"","meta":{"_acf_changed":false},"class_list":["post-471","page","type-page","status-publish"],"acf":[],"aioseo_notices":[],"_links":{"self":[{"href":"https:\/\/www.viphotels.it\/fr\/wp-json\/wp\/v2\/pages\/471","targetHints":{"allow":["GET"]}}],"collection":[{"href":"https:\/\/www.viphotels.it\/fr\/wp-json\/wp\/v2\/pages"}],"about":[{"href":"https:\/\/www.viphotels.it\/fr\/wp-json\/wp\/v2\/types\/page"}],"author":[{"embeddable":true,"href":"https:\/\/www.viphotels.it\/fr\/wp-json\/wp\/v2\/users\/10"}],"replies":[{"embeddable":true,"href":"https:\/\/www.viphotels.it\/fr\/wp-json\/wp\/v2\/comments?post=471"}],"version-history":[{"count":0,"href":"https:\/\/www.viphotels.it\/fr\/wp-json\/wp\/v2\/pages\/471\/revisions"}],"wp:attachment":[{"href":"https:\/\/www.viphotels.it\/fr\/wp-json\/wp\/v2\/media?parent=471"}],"curies":[{"name":"wp","href":"https:\/\/api.w.org\/{rel}","templated":true}]}}