{"id":578,"date":"2015-02-27T23:57:27","date_gmt":"2015-02-27T22:57:27","guid":{"rendered":"https:\/\/www.viphotels.it\/il-libro-degli-ospiti-2\/"},"modified":"2015-07-17T16:57:18","modified_gmt":"2015-07-17T14:57:18","slug":"le-livre-dor","status":"publish","type":"page","link":"https:\/\/www.viphotels.it\/fr\/le-livre-dor\/","title":{"rendered":"Le livre des h\u00f4tes"},"content":{"rendered":"<p><span id=\"result_box\" class=\"\" lang=\"fr\" tabindex=\"-1\"><span class=\"hps\">Parlez-nous de<\/span> <span class=\"hps\">votre exp\u00e9rience<\/span> <span class=\"hps\">dans nos<\/span> <span class=\"hps\">h\u00f4tels \u00e0<\/span> <span class=\"hps\">Pesaro et Urbino<\/span><\/span><\/p>\n","protected":false},"excerpt":{"rendered":"<p>Parlez-nous de votre exp\u00e9rience dans nos h\u00f4tels \u00e0 Pesaro et Urbino<\/p>\n","protected":false},"author":10,"featured_media":0,"parent":0,"menu_order":0,"comment_status":"closed","ping_status":"closed","template":"template.feedback.php","meta":{"_acf_changed":false},"class_list":["post-578","page","type-page","status-publish"],"acf":[],"aioseo_notices":[],"_links":{"self":[{"href":"https:\/\/www.viphotels.it\/fr\/wp-json\/wp\/v2\/pages\/578","targetHints":{"allow":["GET"]}}],"collection":[{"href":"https:\/\/www.viphotels.it\/fr\/wp-json\/wp\/v2\/pages"}],"about":[{"href":"https:\/\/www.viphotels.it\/fr\/wp-json\/wp\/v2\/types\/page"}],"author":[{"embeddable":true,"href":"https:\/\/www.viphotels.it\/fr\/wp-json\/wp\/v2\/users\/10"}],"replies":[{"embeddable":true,"href":"https:\/\/www.viphotels.it\/fr\/wp-json\/wp\/v2\/comments?post=578"}],"version-history":[{"count":0,"href":"https:\/\/www.viphotels.it\/fr\/wp-json\/wp\/v2\/pages\/578\/revisions"}],"wp:attachment":[{"href":"https:\/\/www.viphotels.it\/fr\/wp-json\/wp\/v2\/media?parent=578"}],"curies":[{"name":"wp","href":"https:\/\/api.w.org\/{rel}","templated":true}]}}